{"id":6494,"date":"2023-02-22T08:58:25","date_gmt":"2023-02-22T08:58:25","guid":{"rendered":"https:\/\/southerncrosslanguages.com\/?page_id=6494"},"modified":"2023-06-06T10:33:09","modified_gmt":"2023-06-06T10:33:09","slug":"privacy-policy","status":"publish","type":"page","link":"https:\/\/southerncrosslanguages.com\/es\/privacy-policy\/","title":{"rendered":"POL\u00cdTICA DE PRIVACIDAD"},"content":{"rendered":"\t\t<div data-elementor-type=\"wp-page\" data-elementor-id=\"6494\" class=\"elementor elementor-6494 elementor-3\">\n\t\t\t\t\t\t\t\t\t<section class=\"elementor-section elementor-top-section elementor-element elementor-element-15d649d2 elementor-section-boxed elementor-section-height-default elementor-section-height-default qodef-elementor-content-no\" data-id=\"15d649d2\" data-element_type=\"section\">\n\t\t\t\t\t\t<div class=\"elementor-container elementor-column-gap-default\">\n\t\t\t\t\t<div class=\"elementor-column elementor-col-100 elementor-top-column elementor-element elementor-element-4d162c78\" data-id=\"4d162c78\" data-element_type=\"column\">\n\t\t\t<div class=\"elementor-widget-wrap elementor-element-populated\">\n\t\t\t\t\t\t\t\t<div class=\"elementor-element elementor-element-210e364c elementor-widget elementor-widget-text-editor\" data-id=\"210e364c\" data-element_type=\"widget\" data-widget_type=\"text-editor.default\">\n\t\t\t\t<div class=\"elementor-widget-container\">\n\t\t\t<style>\/*! elementor - v3.14.0 - 26-06-2023 *\/\n.elementor-widget-text-editor.elementor-drop-cap-view-stacked .elementor-drop-cap{background-color:#69727d;color:#fff}.elementor-widget-text-editor.elementor-drop-cap-view-framed .elementor-drop-cap{color:#69727d;border:3px solid;background-color:transparent}.elementor-widget-text-editor:not(.elementor-drop-cap-view-default) .elementor-drop-cap{margin-top:8px}.elementor-widget-text-editor:not(.elementor-drop-cap-view-default) .elementor-drop-cap-letter{width:1em;height:1em}.elementor-widget-text-editor .elementor-drop-cap{float:left;text-align:center;line-height:1;font-size:50px}.elementor-widget-text-editor .elementor-drop-cap-letter{display:inline-block}<\/style>\t\t\t\t<p>Le doy la bienvenida a esta p\u00e1gina web y le recomiendo que lea mi Pol\u00edtica de Privacidad. Aqu\u00ed describo la manera en la que https:\/\/southerncrosslanguages.com recaba y utiliza informaci\u00f3n sobre sus clientes, usuarios y suscriptores de esta web.<\/p><p>En esta web se respetan y cuidan los datos personales de los usuarios. Como usuario debe saber que sus derechos est\u00e1n garantizados. Me he esforzado en crear un espacio seguro y confiable.<\/p><h2>SU PRIVACIDAD ES IMPORTANTE PARA M\u00cd.<\/h2><p>En esta declaraci\u00f3n de privacidad le explico qu\u00e9 datos personales recopilo de mis usuarios y c\u00f3mo los utilizo. Animo a leer detenidamente estos t\u00e9rminos antes de facilitar sus datos personales en esta web.<\/p><p>En esta web se respetan y cuidan los datos personales de los usuarios. Como usuario debe saber que sus derechos est\u00e1n garantizados.<\/p><p>Me he esforzado en crear un espacio seguro y confiable y por eso quiero compartir mis principios respecto a su privacidad:<\/p><ul><li>Nunca solicito informaci\u00f3n personal a menos que realmente sea necesaria para prestarle los servicios que me requiera.<\/li><li>Nunca comparto informaci\u00f3n personal de mis usuarios con nadie, excepto para cumplir con la ley o en caso de que cuente con su autorizaci\u00f3n expresa.<\/li><li>Nunca utilizo sus datos personales con una finalidad diferente a la expresada en esta pol\u00edtica de privacidad.<\/li><\/ul><p>Es preciso advertir que esta Pol\u00edtica de Privacidad podr\u00eda variar en funci\u00f3n de exigencias legislativas o de autorregulaci\u00f3n, por lo que se aconseja a los usuarios que la visiten peri\u00f3dicamente. Ser\u00e1 aplicable en caso de que los usuarios decidan rellenar alg\u00fan formulario de cualquiera de sus formularios de contacto donde se recaben datos de car\u00e1cter personal.<\/p><p>Andrea Behrendt (Southern Cross Language Services) ha adecuado esta web a las exigencias de la Ley Org\u00e1nica 15\/1999, de 13 de diciembre, de Protecci\u00f3n de Datos de Car\u00e1cter Personal (LOPD), y al Real Decreto 1720\/2007, de 21 de diciembre, conocido como el Reglamento de desarrollo de la LOPD. Cumple tambi\u00e9n con el Reglamento (UE) 2016\/679 del Parlamento Europeo y del Consejo de 27 de abril de 2016 relativo a la protecci\u00f3n de las personas f\u00edsicas (RGPD), as\u00ed como con la Ley 34\/2002, de 11 de julio, de Servicios de la Sociedad de la Informaci\u00f3n y Comercio Electr\u00f3nico (LSSICE o LSSI).<\/p><h2>RESPONSABLE DEL TRATAMIENTO DE SUS DATOS PERSONALES<\/h2><p>Identidad de la responsable:\u00a0Andrea Behrendt<br \/>Nombre comercial:\u00a0Southern Cross Language Services by Andrea Behrendt<br \/>Correo electr\u00f3nico:\u00a0<a href=\"mailto:info@southerncrosslanguages.com\">info@southerncrosslanguages.com<\/a><\/p><p>A efectos de lo previsto en el Reglamento General de Protecci\u00f3n de Datos antes citado, los datos personales que me env\u00ede a trav\u00e9s de los formularios de la web recibir\u00e1n el tratamiento de datos de \u201cUsuarios de la web y suscriptores\u201d.<\/p><p>Para el tratamiento de datos de mis usuarios, implemento todas las medidas t\u00e9cnicas y organizativas de seguridad establecidas en la legislaci\u00f3n vigente.<\/p><h2>PRINCIPIOS QUE APLICAR\u00c9 A SU INFORMACI\u00d3N PERSONAL<\/h2><p>En el tratamiento de sus datos personales, aplicar\u00e9 los siguientes principios que se ajustan a las exigencias del nuevo reglamento europeo de protecci\u00f3n de datos:<\/p><ul><li>Principio de licitud, lealtad y transparencia.\u00a0Siempre voy a requerir su consentimiento para el tratamiento de sus datos personales para uno o varios fines espec\u00edficos de los que le informar\u00e9 previamente con absoluta transparencia.<\/li><li>Principio de minimizaci\u00f3n de datos.\u00a0Solo voy a solicitar los datos estrictamente necesarios en relaci\u00f3n con los fines para los que los requiero.<\/li><li>Principio de limitaci\u00f3n del plazo de conservaci\u00f3n.\u00a0Los datos ser\u00e1n mantenidos durante no m\u00e1s tiempo del necesario para los fines del tratamiento<\/li><li>Principio de integridad y confidencialidad.\u00a0Sus datos ser\u00e1n tratados de tal manera que se garantice una seguridad adecuada de los datos personales y se garantice confidencialidad. Debe saber que tomo todas las precauciones necesarias para evitar el acceso no autorizado o uso indebido de los datos de mis usuarios por parte de terceros.<\/li><\/ul><h2>\u00bfC\u00d3MO HE OBTENIDO SUS DATOS?<\/h2><p>Los datos personales que trato en southerncrosslanguages.com proceden de:<\/p><ul><li>Formulario de contacto.<\/li><li>Comentarios en el blog.<\/li><\/ul><h2>\u00bfCU\u00c1LES SON SUS DERECHOS CUANDO ME FACILITA sUS DATOS?<\/h2><p>Cualquier persona tiene derecho a obtener confirmaci\u00f3n sobre si en southerncrosslanguages.com estoy tratando datos personales que me conciernen o no.<\/p><p>Las personas interesadas tienen derecho a:<\/p><ul><li>Solicitar el acceso a los datos personales relativos al interesado.<\/li><li>Solicitar su rectificaci\u00f3n o supresi\u00f3n.<\/li><li>Solicitar la limitaci\u00f3n de su tratamiento.<\/li><li>Oponerse al tratamiento.<\/li><li>Solicitar la portabilidad de los datos.<\/li><\/ul><p>Los interesados podr\u00e1n\u00a0acceder\u00a0a sus datos personales, as\u00ed como a solicitar la\u00a0rectificaci\u00f3n\u00a0de los datos inexactos o, en su caso, solicitar su\u00a0supresi\u00f3n\u00a0cuando, entre otros motivos, los datos ya no sean necesarios para los fines que fueron recogidos. En determinadas circunstancias, los interesados podr\u00e1n solicitar la\u00a0limitaci\u00f3n\u00a0del tratamiento de sus datos, en cuyo caso \u00fanicamente los conservar\u00e9 para el ejercicio o la defensa de reclamaciones.<\/p><p>En determinadas circunstancias, y por motivos relacionados con su situaci\u00f3n particular, los interesados podr\u00e1n\u00a0oponerse\u00a0al tratamiento de sus datos. Andrea Behrendt dejar\u00e1 de tratar los datos, salvo por motivos leg\u00edtimos imperiosos, o el ejercicio o la defensa de posibles reclamaciones. Como interesado, Usted tiene derecho a recibir los datos personales que le incumban, que me haya facilitado y en un formato estructurado, de uso com\u00fan y lectura mec\u00e1nica, y a transmitirlos a otro responsable del tratamiento cuando:<\/p><ul><li>El tratamiento est\u00e9 basado en el consentimiento.<\/li><li>Los datos hayan sido facilitados por la persona interesada.<\/li><li>El tratamiento se efect\u00fae por medios automatizados.<\/li><\/ul><p>Al ejercer su derecho a la portabilidad de los datos, tendr\u00e1 derecho a que los datos personales se transmitan directamente de responsable a responsable cuando sea t\u00e9cnicamente posible.<br \/>Los interesados tambi\u00e9n tendr\u00e1n derecho a la tutela judicial efectiva y a presentar una reclamaci\u00f3n ante la autoridad de control, en este caso, la Agencia Espa\u00f1ola de Protecci\u00f3n de Datos, si consideran que el tratamiento de datos personales que le conciernen infringe el Reglamento.<\/p><h2>\u00bfCON QU\u00c9 FINALIDAD TRATO sUS DATOS PERSONALES?<\/h2><p>Cuando un usuario se conecta con esta web, por ejemplo, para comentar una entrada de blog, mandar un correo a la titular o realizar alguna contrataci\u00f3n, est\u00e1 facilitando informaci\u00f3n de car\u00e1cter personal de la que es responsable southerncrosslanguages.com. Esa informaci\u00f3n puede incluir datos de car\u00e1cter personal como pueden ser tu direcci\u00f3n IP, nombre, direcci\u00f3n f\u00edsica, direcci\u00f3n de correo electr\u00f3nico, n\u00famero de tel\u00e9fono y otra informaci\u00f3n. Al facilitar esta informaci\u00f3n, el usuario da su consentimiento para que su informaci\u00f3n sea recopilada, utilizada, gestionada y almacenada por https:\/\/southerncrosslanguages.com, solo como se describe en la presente Pol\u00edtica de Privacidad.<br \/>En southerncrosslanguages.com existen diferentes sistemas de captura de informaci\u00f3n personal y trato la informaci\u00f3n que me facilitan las personas interesadas con el siguiente fin por cada sistema de captura (formularios):<\/p><ul><li>Formulario de contacto:\u00a0Solicito los siguientes datos personales: Nombre, Correo, para responder a los requerimientos de los usuarios de https:\/\/southerncrosslanguages.com. Por ejemplo, puedo utilizar esos datos para responder a su solicitud y dar respuesta a las dudas, quejas, comentarios o inquietudes que pueda tener relativas a la informaci\u00f3n incluida en la web, los servicios que se prestan a trav\u00e9s de la web, el tratamiento de sus datos personales, cuestiones referentes a los textos legales incluidos en la web, as\u00ed como cualesquiera otras consultas que pueda tener y que no est\u00e9n sujetas a las condiciones de contrataci\u00f3n. Le informo de que los datos que me facilita estar\u00e1n ubicados en los servidores de gmx.de (proveedor hosting de Andrea Behrendt) dentro de la UE.<\/li><\/ul><p>Existen otras finalidades por las que trato tus datos personales:<\/p><ul><li>Para garantizar el cumplimiento de las condiciones de uso y la ley aplicable.\u00a0Esto puede incluir el desarrollo de herramientas y algoritmos que ayuden a esta web a garantizar la confidencialidad de los datos personales que recoge.<\/li><li>Para apoyar y mejorar los servicios que ofrece esta web.<br \/>Tambi\u00e9n se recogen otros datos no identificativos que se obtienen mediante algunas cookies\u00a0que se descargan en el ordenador o dispositivo m\u00f3vil del usuario cuando navega en esta web y que detallo en la\u00a0Pol\u00edtica de Cookies.<\/li><li>Para gestionar las redes sociales.\u00a0southerncrosslanguages.com puede tener presencia en redes sociales. El tratamiento de los datos que se lleve a cabo de las personas que se hagan seguidoras en las redes sociales de las p\u00e1ginas oficiales de https:\/\/southerncrosslanguages.com se regir\u00e1 por este apartado, as\u00ed como por aquellas condiciones de uso, pol\u00edticas de privacidad y normativas de acceso que pertenezcan a la red social que proceda en cada caso y aceptadas previamente por el usuario. Andrea Behrendt tratar\u00e1 sus datos con las finalidades de administrar correctamente su presencia en la red social, informando de actividades, productos o servicios de southerncrosslanguages.com, as\u00ed como para cualquier otra finalidad que las normativas de las redes sociales permitan. En ning\u00fan caso utilizar\u00e9 los perfiles de seguidores en redes sociales para enviar publicidad de manera individual.<\/li><\/ul><p>De acuerdo con lo establecido en el reglamento general de protecci\u00f3n de datos europeo (RGPD) 2016\/679, Andrea Behrendt (southerncrosslanguages.com), ser\u00e1 responsable del tratamiento de los datos correspondientes a usuarios de la web.<br \/>southerncrosslanguages.com no vende, alquila ni cede datos de car\u00e1cter personal que puedan identificar al usuario, ni lo har\u00e1 en el futuro, a terceros sin el consentimiento previo.<\/p><h2>LEGITIMACI\u00d3N PARA EL TRATAMIENTO DE sUS DATOS<\/h2><p>La base legal para el tratamiento de sus datos es el consentimiento.<br \/>Para contactar o realizar comentarios en esta web se requiere el consentimiento con esta Pol\u00edtica de Privacidad.<\/p><p>La oferta prospectiva o comercial de productos y servicios est\u00e1 basada en el consentimiento que se le solicita, sin que en ning\u00fan caso la retirada de este consentimiento condicione la ejecuci\u00f3n del contrato de suscripci\u00f3n.<\/p><h2>CATEGOR\u00cdA DE DATOS RECOGIDOS<\/h2><p>Las categor\u00edas de datos que se tratan son datos identificativos.<br \/>En ning\u00fan caso se tratan categor\u00edas de datos especialmente protegidos.<\/p><h2>\u00bfPOR CU\u00c1NTO TIEMPO CONSERVAR\u00c9 sUS DATOS?<\/h2><p>Los datos personales proporcionados se conservar\u00e1n hasta que no se solicite su supresi\u00f3n por el interesado.<\/p><h2>NAVEGACI\u00d3N.<\/h2><p>Al navegar por https:\/\/southerncrosslanguages.com se pueden recoger datos no identificables, que pueden incluir direcciones IP, ubicaci\u00f3n geogr\u00e1fica (aproximadamente), un registro de c\u00f3mo se utilizan los servicios y sitios, y otros datos que no pueden ser utilizados para identificar al usuario. Entre los datos no identificativos est\u00e1n tambi\u00e9n los relacionados a sus h\u00e1bitos de navegaci\u00f3n a trav\u00e9s de servicios de terceros. Esta web utiliza los siguientes servicios de an\u00e1lisis de terceros:<\/p><ul><li>Google Analytics.<\/li><\/ul><p>Utilizo esta informaci\u00f3n para analizar tendencias, administrar el sitio, rastrear los movimientos de los usuarios alrededor del sitio y para recopilar informaci\u00f3n demogr\u00e1fica sobre mi base de usuarios en su conjunto.<\/p><h2>SECRETO Y SEGURIDAD DE LOS DATOS<\/h2><p>https:\/\/southerncrosslanguages.com se compromete en el uso y tratamiento de los datos (incluidos los personales) de los usuarios, respetando su confidencialidad y que se utilizar\u00e1n de acuerdo con la finalidad de estos, as\u00ed como para dar cumplimiento a su obligaci\u00f3n de guardarlos y adaptar todas las medidas para evitar la alteraci\u00f3n, p\u00e9rdida, tratamiento o acceso no autorizado, de conformidad con lo establecido en la normativa vigente de protecci\u00f3n de datos.<br \/>Esta web incluye un certificado SSL. Se trata de un protocolo de seguridad que hace que sus datos viajen de manera \u00edntegra y segura, es decir, la transmisi\u00f3n de los datos entre un servidor y usuario web, y en retroalimentaci\u00f3n, es totalmente cifrada o encriptada.<br \/>https:\/\/southerncrosslanguages.com no puede garantizar la absoluta inexpugnabilidad de la red Internet y por tanto la violaci\u00f3n de los datos mediante accesos fraudulentos a ellos por parte de terceros.<\/p><h2>EXACTITUD Y VERACIDAD DE LOS DATOS<\/h2><p>Como usuario, Usted es el \u00fanico responsable de la veracidad y correcci\u00f3n de los datos que remita a https:\/\/southerncrosslanguages.com, por lo que exonera a Andrea Behrendt (southerncrosslanguages.com) de cualquier responsabilidad al respecto.<br \/>Los usuarios garantizan y responden, en cualquier caso, de la exactitud, vigencia y autenticidad de los datos personales facilitados, y se comprometen a mantenerlos debidamente actualizados. El usuario acepta proporcionar informaci\u00f3n completa y correcta en el formulario de contacto.<\/p><h2>ACEPTACI\u00d3N Y CONSENTIMIENTO<\/h2><p>El usuario declara haber sido informado de las condiciones sobre protecci\u00f3n de datos de car\u00e1cter personal, aceptando y consintiendo el tratamiento de estos por parte de Andrea Behrendt (southerncrosslanguages.com) en la forma y para las finalidades indicadas en esta pol\u00edtica de privacidad.<\/p><h2>REVOCABILIDAD<\/h2><p>El consentimiento prestado, tanto para el tratamiento como para la cesi\u00f3n de los datos de los interesados, es revocable en cualquier momento comunic\u00e1ndolo a Andrea Behrendt (southerncrosslanguages.com) en los t\u00e9rminos establecidos en esta Pol\u00edtica para el ejercicio de los derechos ARCO. Esta revocaci\u00f3n en ning\u00fan caso tendr\u00e1 car\u00e1cter retroactivo.<\/p><h2>CAMBIOS EN LA POL\u00cdTICA DE PRIVACIDAD<\/h2><p>Andrea Behrendt (southerncrosslanguages.com) se reserva el derecho a modificar la presente pol\u00edtica para adaptarla a novedades legislativas o jurisprudenciales, as\u00ed como a pr\u00e1cticas de la industria. En dichos supuestos, Andrea Behrendt (southerncrosslanguages.com) anunciar\u00e1 en esta p\u00e1gina los cambios introducidos con razonable antelaci\u00f3n a su puesta en pr\u00e1ctica.<\/p><h2>CORREOS COMERCIALES<\/h2><p>De acuerdo con la LSSICE, https:\/\/southerncrosslanguages.com no realiza pr\u00e1cticas de SPAM, por lo que no env\u00eda correos comerciales por v\u00eda electr\u00f3nica que no hayan sido previamente solicitados o autorizados por el usuario. En consecuencia, en cada uno de los formularios habidos en la web, el usuario tiene la posibilidad de dar su consentimiento expreso para recibir el bolet\u00edn, con independencia de la informaci\u00f3n comercial puntualmente solicitada.<br \/>Conforme a lo dispuesto en la Ley 34\/2002 de Servicios de la Sociedad de la Informaci\u00f3n y de comercio electr\u00f3nico, https:\/\/southerncrosslanguages.com se compromete a no enviar comunicaciones de car\u00e1cter comercial sin identificarlas debidamente.<br \/>Documento revisado el 04 de junio de 2023.<\/p>\t\t\t\t\t\t<\/div>\n\t\t\t\t<\/div>\n\t\t\t\t\t<\/div>\n\t\t<\/div>\n\t\t\t\t\t\t\t<\/div>\n\t\t<\/section>\n\t\t\t\t\t\t\t<\/div>\n\t\t","protected":false},"excerpt":{"rendered":"<p>Le doy la bienvenida a esta p\u00e1gina web y le recomiendo que lea mi Pol\u00edtica de Privacidad. Aqu\u00ed describo la manera en la que https:\/\/southerncrosslanguages.com recaba y utiliza informaci\u00f3n sobre sus clientes, usuarios y suscriptores de esta web. En esta web se respetan y cuidan los datos personales de los usuarios. Como usuario debe saber [&hellip;]<\/p>\n","protected":false},"author":1,"featured_media":0,"parent":0,"menu_order":0,"comment_status":"closed","ping_status":"closed","template":"","meta":{"footnotes":""},"class_list":["post-6494","page","type-page","status-publish","hentry"],"yoast_head":"<!-- This site is optimized with the Yoast SEO plugin v20.11 - https:\/\/yoast.com\/wordpress\/plugins\/seo\/ -->\n<title>POL\u00cdTICA DE PRIVACIDAD - Andrea Behrendt<\/title>\n<meta name=\"robots\" content=\"index, follow, max-snippet:-1, max-image-preview:large, max-video-preview:-1\" \/>\n<link rel=\"canonical\" href=\"https:\/\/southerncrosslanguages.com\/es\/privacy-policy\/\" \/>\n<meta property=\"og:locale\" content=\"es_ES\" \/>\n<meta property=\"og:type\" content=\"article\" \/>\n<meta property=\"og:title\" content=\"POL\u00cdTICA DE PRIVACIDAD - Andrea Behrendt\" \/>\n<meta property=\"og:description\" content=\"Le doy la bienvenida a esta p\u00e1gina web y le recomiendo que lea mi Pol\u00edtica de Privacidad. Aqu\u00ed describo la manera en la que https:\/\/southerncrosslanguages.com recaba y utiliza informaci\u00f3n sobre sus clientes, usuarios y suscriptores de esta web. En esta web se respetan y cuidan los datos personales de los usuarios. Como usuario debe saber [&hellip;]\" \/>\n<meta property=\"og:url\" content=\"https:\/\/southerncrosslanguages.com\/es\/privacy-policy\/\" \/>\n<meta property=\"og:site_name\" content=\"Andrea Behrendt\" \/>\n<meta property=\"article:modified_time\" content=\"2023-06-06T10:33:09+00:00\" \/>\n<meta name=\"twitter:card\" content=\"summary_large_image\" \/>\n<meta name=\"twitter:label1\" content=\"Tiempo de lectura\" \/>\n\t<meta name=\"twitter:data1\" content=\"10 minutos\" \/>\n<script type=\"application\/ld+json\" class=\"yoast-schema-graph\">{\"@context\":\"https:\/\/schema.org\",\"@graph\":[{\"@type\":\"WebPage\",\"@id\":\"https:\/\/southerncrosslanguages.com\/es\/privacy-policy\/\",\"url\":\"https:\/\/southerncrosslanguages.com\/es\/privacy-policy\/\",\"name\":\"POL\u00cdTICA DE PRIVACIDAD - Andrea Behrendt\",\"isPartOf\":{\"@id\":\"https:\/\/southerncrosslanguages.com\/de\/#website\"},\"datePublished\":\"2023-02-22T08:58:25+00:00\",\"dateModified\":\"2023-06-06T10:33:09+00:00\",\"breadcrumb\":{\"@id\":\"https:\/\/southerncrosslanguages.com\/es\/privacy-policy\/#breadcrumb\"},\"inLanguage\":\"es\",\"potentialAction\":[{\"@type\":\"ReadAction\",\"target\":[\"https:\/\/southerncrosslanguages.com\/es\/privacy-policy\/\"]}]},{\"@type\":\"BreadcrumbList\",\"@id\":\"https:\/\/southerncrosslanguages.com\/es\/privacy-policy\/#breadcrumb\",\"itemListElement\":[{\"@type\":\"ListItem\",\"position\":1,\"name\":\"Home\",\"item\":\"https:\/\/southerncrosslanguages.com\/es\/\"},{\"@type\":\"ListItem\",\"position\":2,\"name\":\"POL\u00cdTICA DE PRIVACIDAD\"}]},{\"@type\":\"WebSite\",\"@id\":\"https:\/\/southerncrosslanguages.com\/de\/#website\",\"url\":\"https:\/\/southerncrosslanguages.com\/de\/\",\"name\":\"Andrea Behrendt\",\"description\":\"Southern Cross Language Services by Andrea Behrendt\",\"potentialAction\":[{\"@type\":\"SearchAction\",\"target\":{\"@type\":\"EntryPoint\",\"urlTemplate\":\"https:\/\/southerncrosslanguages.com\/de\/?s={search_term_string}\"},\"query-input\":\"required name=search_term_string\"}],\"inLanguage\":\"es\"}]}<\/script>\n<!-- \/ Yoast SEO plugin. -->","yoast_head_json":{"title":"POL\u00cdTICA DE PRIVACIDAD - Andrea Behrendt","robots":{"index":"index","follow":"follow","max-snippet":"max-snippet:-1","max-image-preview":"max-image-preview:large","max-video-preview":"max-video-preview:-1"},"canonical":"https:\/\/southerncrosslanguages.com\/es\/privacy-policy\/","og_locale":"es_ES","og_type":"article","og_title":"POL\u00cdTICA DE PRIVACIDAD - Andrea Behrendt","og_description":"Le doy la bienvenida a esta p\u00e1gina web y le recomiendo que lea mi Pol\u00edtica de Privacidad. Aqu\u00ed describo la manera en la que https:\/\/southerncrosslanguages.com recaba y utiliza informaci\u00f3n sobre sus clientes, usuarios y suscriptores de esta web. En esta web se respetan y cuidan los datos personales de los usuarios. Como usuario debe saber [&hellip;]","og_url":"https:\/\/southerncrosslanguages.com\/es\/privacy-policy\/","og_site_name":"Andrea Behrendt","article_modified_time":"2023-06-06T10:33:09+00:00","twitter_card":"summary_large_image","twitter_misc":{"Tiempo de lectura":"10 minutos"},"schema":{"@context":"https:\/\/schema.org","@graph":[{"@type":"WebPage","@id":"https:\/\/southerncrosslanguages.com\/es\/privacy-policy\/","url":"https:\/\/southerncrosslanguages.com\/es\/privacy-policy\/","name":"POL\u00cdTICA DE PRIVACIDAD - Andrea Behrendt","isPartOf":{"@id":"https:\/\/southerncrosslanguages.com\/de\/#website"},"datePublished":"2023-02-22T08:58:25+00:00","dateModified":"2023-06-06T10:33:09+00:00","breadcrumb":{"@id":"https:\/\/southerncrosslanguages.com\/es\/privacy-policy\/#breadcrumb"},"inLanguage":"es","potentialAction":[{"@type":"ReadAction","target":["https:\/\/southerncrosslanguages.com\/es\/privacy-policy\/"]}]},{"@type":"BreadcrumbList","@id":"https:\/\/southerncrosslanguages.com\/es\/privacy-policy\/#breadcrumb","itemListElement":[{"@type":"ListItem","position":1,"name":"Home","item":"https:\/\/southerncrosslanguages.com\/es\/"},{"@type":"ListItem","position":2,"name":"POL\u00cdTICA DE PRIVACIDAD"}]},{"@type":"WebSite","@id":"https:\/\/southerncrosslanguages.com\/de\/#website","url":"https:\/\/southerncrosslanguages.com\/de\/","name":"Andrea Behrendt","description":"Southern Cross Language Services by Andrea Behrendt","potentialAction":[{"@type":"SearchAction","target":{"@type":"EntryPoint","urlTemplate":"https:\/\/southerncrosslanguages.com\/de\/?s={search_term_string}"},"query-input":"required name=search_term_string"}],"inLanguage":"es"}]}},"_links":{"self":[{"href":"https:\/\/southerncrosslanguages.com\/es\/wp-json\/wp\/v2\/pages\/6494","targetHints":{"allow":["GET"]}}],"collection":[{"href":"https:\/\/southerncrosslanguages.com\/es\/wp-json\/wp\/v2\/pages"}],"about":[{"href":"https:\/\/southerncrosslanguages.com\/es\/wp-json\/wp\/v2\/types\/page"}],"author":[{"embeddable":true,"href":"https:\/\/southerncrosslanguages.com\/es\/wp-json\/wp\/v2\/users\/1"}],"replies":[{"embeddable":true,"href":"https:\/\/southerncrosslanguages.com\/es\/wp-json\/wp\/v2\/comments?post=6494"}],"version-history":[{"count":9,"href":"https:\/\/southerncrosslanguages.com\/es\/wp-json\/wp\/v2\/pages\/6494\/revisions"}],"predecessor-version":[{"id":6562,"href":"https:\/\/southerncrosslanguages.com\/es\/wp-json\/wp\/v2\/pages\/6494\/revisions\/6562"}],"wp:attachment":[{"href":"https:\/\/southerncrosslanguages.com\/es\/wp-json\/wp\/v2\/media?parent=6494"}],"curies":[{"name":"wp","href":"https:\/\/api.w.org\/{rel}","templated":true}]}}