{"id":6487,"date":"2022-01-26T10:27:33","date_gmt":"2022-01-26T10:27:33","guid":{"rendered":"https:\/\/southerncrosslanguages.com\/?page_id=6487"},"modified":"2023-06-07T14:52:14","modified_gmt":"2023-06-07T14:52:14","slug":"blog","status":"publish","type":"page","link":"https:\/\/southerncrosslanguages.com\/es\/blog\/","title":{"rendered":"Blog"},"content":{"rendered":"\t\t<div data-elementor-type=\"wp-page\" data-elementor-id=\"6487\" class=\"elementor elementor-6487 elementor-654\">\n\t\t\t\t\t\t\t\t\t<section class=\"elementor-section elementor-top-section elementor-element elementor-element-45d6b70 elementor-section-boxed elementor-section-height-default elementor-section-height-default qodef-elementor-content-no\" data-id=\"45d6b70\" data-element_type=\"section\">\n\t\t\t\t\t\t<div class=\"elementor-container elementor-column-gap-default\">\n\t\t\t\t\t<div class=\"elementor-column elementor-col-100 elementor-top-column elementor-element elementor-element-d5ad2a4\" data-id=\"d5ad2a4\" data-element_type=\"column\">\n\t\t\t<div class=\"elementor-widget-wrap elementor-element-populated\">\n\t\t\t\t\t\t\t\t<div class=\"elementor-element elementor-element-e40299c elementor-widget elementor-widget-carmona_core_blog_list\" data-id=\"e40299c\" data-element_type=\"widget\" data-widget_type=\"carmona_core_blog_list.default\">\n\t\t\t\t<div class=\"elementor-widget-container\">\n\t\t\t<div class=\"qodef-shortcode qodef-m  qodef-blog qodef--list qodef-item-layout--standard  qodef-grid qodef-layout--columns  qodef-gutter--normal qodef-col-num--1 qodef-item-layout--standard     qodef-pagination--on qodef-pagination-type--standard qodef-pagination-type--standard-footer qodef-responsive--predefined\" data-options=\"{&quot;plugin&quot;:&quot;carmona_core&quot;,&quot;module&quot;:&quot;blog\\\/shortcodes&quot;,&quot;shortcode&quot;:&quot;blog-list&quot;,&quot;post_type&quot;:&quot;post&quot;,&quot;next_page&quot;:&quot;2&quot;,&quot;max_pages_num&quot;:1,&quot;behavior&quot;:&quot;columns&quot;,&quot;images_proportion&quot;:&quot;full&quot;,&quot;columns&quot;:&quot;1&quot;,&quot;columns_responsive&quot;:&quot;predefined&quot;,&quot;space&quot;:&quot;normal&quot;,&quot;appear_animation&quot;:&quot;no&quot;,&quot;posts_per_page&quot;:&quot;6&quot;,&quot;orderby&quot;:&quot;date&quot;,&quot;order&quot;:&quot;DESC&quot;,&quot;additional_params&quot;:&quot;tax&quot;,&quot;tax&quot;:&quot;category&quot;,&quot;layout&quot;:&quot;standard&quot;,&quot;title_tag&quot;:&quot;h2&quot;,&quot;excerpt_length&quot;:&quot;500&quot;,&quot;pagination_type&quot;:&quot;standard&quot;,&quot;pagination_type_standard_footer&quot;:&quot;yes&quot;,&quot;object_class_name&quot;:&quot;CarmonaCore_Blog_List_Shortcode&quot;,&quot;taxonomy_filter&quot;:&quot;category&quot;,&quot;space_value&quot;:15}\">\n\t\t<div class=\"qodef-grid-inner clear\">\n\t\t<article class=\"qodef-e qodef-blog-item qodef-grid-item qodef-item--full post-6464 post type-post status-publish format-standard has-post-thumbnail hentry category-blog-es\">\n\t<div class=\"qodef-e-inner\">\n\t\t<div class=\"qodef-e-media\">\n\t\t<div class=\"qodef-e-media-image\">\n\t\t<a itemprop=\"url\" href=\"https:\/\/southerncrosslanguages.com\/es\/why-southern-cross\/\">\n\t\t\t<img decoding=\"async\" width=\"1200\" height=\"801\" src=\"https:\/\/southerncrosslanguages.com\/wp-content\/uploads\/2023\/03\/ab-sec-3.jpg\" class=\"attachment-full size-full wp-post-image\" alt=\"\" srcset=\"https:\/\/southerncrosslanguages.com\/wp-content\/uploads\/2023\/03\/ab-sec-3.jpg 1200w, https:\/\/southerncrosslanguages.com\/wp-content\/uploads\/2023\/03\/ab-sec-3-300x200.jpg 300w, https:\/\/southerncrosslanguages.com\/wp-content\/uploads\/2023\/03\/ab-sec-3-1024x684.jpg 1024w, https:\/\/southerncrosslanguages.com\/wp-content\/uploads\/2023\/03\/ab-sec-3-768x513.jpg 768w\" sizes=\"(max-width: 1200px) 100vw, 1200px\" \/>\t\t<\/a>\n\t<\/div>\n<\/div>\n\t\t<div class=\"qodef-e-content\">\n\t\t\t<div class=\"qodef-e-top-holder\">\n\t\t\t\t<div class=\"qodef-e-info\">\n\t\t\t\t\t<a itemprop=\"author\" href=\"https:\/\/southerncrosslanguages.com\/es\/author\/wftandreabehrendt\/\" class=\"qodef-e-info-author\">\n\tby Andrea Behrendt<\/a><div class=\"qodef-info-separator-end\"><\/div>\n<a title=\"Title Text: \" itemprop=\"dateCreated\" href=\"https:\/\/southerncrosslanguages.com\/es\/2023\/02\/\" class=\"entry-date \">\n\tfebrero 23, 2023<\/a><div class=\"qodef-info-separator-end\"><\/div>\n<a href=\"https:\/\/southerncrosslanguages.com\/es\/category\/blog-es\/\" rel=\"tag\">Blog<\/a><div class=\"qodef-info-separator-end\"><\/div>\t\t\t\t<\/div>\n\t\t\t<\/div>\n\t\t\t<div class=\"qodef-e-text\">\n\t\t\t\t<h2 itemprop=\"name\" class=\"qodef-e-title entry-title\" >\n\t<a itemprop=\"url\" class=\"qodef-e-title-link\" href=\"https:\/\/southerncrosslanguages.com\/es\/why-southern-cross\/\">\n\t\t\u00bfPor qu\u00e9 Southern Cross?\t<\/a>\n<\/h2>\n<svg class=\"qodef-svg--wave\" xmlns=\"http:\/\/www.w3.org\/2000\/svg\" width=\"47.439\" height=\"7.7167\" viewBox=\"0 0 47.439 7.7167\"><path stroke=\"currentColor\" stroke-width=\"2\" d=\"M.6974,7s6.1663-6,8.378-6c2.3069,0,5.558,5.036,7.34,5.036,1.554,0,5.44-5.036,7.3406-5.036,1.6041,0,6.02,5.036,7.34,5.036C32.4994,6.036,36.5094,1,38.4344,1c1.9585,0,6.8517,4.44,8.263,6\"\/><\/svg>\t\t<p itemprop=\"description\" class=\"qodef-e-excerpt\">Southern Cross es la denominaci\u00f3n inglesa de la Cruz del Sur, una constelaci\u00f3n que s\u00f3lo puede verse en el hemisferio Sur. As\u00ed como los antiguos navegantes del hemisferio Norte se guiaban por la Estrella Polar, en el hemisferio Sur la gente utiliza a la Cruz del Sur como gu\u00eda. Como nac\u00ed y me cri\u00e9 en [&hellip;]<\/p>\n\t\t\t\t\t<\/div>\n\t\t\t<div class=\"qodef-e-bottom-holder\">\n\t\t\t\t<div class=\"qodef-e-left\">\n\t\t\t\t\t\t<div class=\"qodef-e-read-more\">\n\t\t<a class=\"qodef-shortcode qodef-m  qodef-button qodef-layout--textual  qodef-html--link\" href=\"https:\/\/southerncrosslanguages.com\/es\/why-southern-cross\/\" target=\"_self\"  >\t<span class=\"qodef-m-text\">Continuar leyendo<\/span><\/a>\t<\/div>\n\t\t\t\t<\/div>\n\t\t\t\t<div class=\"qodef-e-right qodef-e-info\">\n\t\t\t\t\t\t<div class=\"qodef-e-info-item qodef-e-info-share\">\r\n\t\t<div class=\"qodef-shortcode qodef-m  qodef-social-share clear qodef-layout--list \">\t\t<ul class=\"qodef-shortcode-list\">\t\t<li class=\"qodef-facebook-share\">\t<a itemprop=\"url\" class=\"qodef-share-link\" href=\"#\" onclick=\"window.open(&#039;https:\/\/www.facebook.com\/sharer.php?u=https%3A%2F%2Fsoutherncrosslanguages.com%2Fes%2Fwhy-southern-cross%2F&#039;, &#039;sharer&#039;, &#039;toolbar=0,status=0,width=620,height=280&#039;);\">\t\t\t\t\t<span class=\"qodef-icon-font-awesome fab fa-facebook-f qodef-social-network-icon\"><\/span>\t\t\t<\/a><\/li><li class=\"qodef-twitter-share\">\t<a itemprop=\"url\" class=\"qodef-share-link\" href=\"#\" onclick=\"window.open(&#039;https:\/\/twitter.com\/intent\/tweet?text=Southern+Cross+es+la+denominaci%C3%B3n+inglesa+de+la+Cruz+del+Sur%2C+una+constelaci%C3%B3n+que+s%C3%B3lo+puede++via+%40QodeInteractivehttps:\/\/southerncrosslanguages.com\/es\/why-southern-cross\/&#039;, &#039;popupwindow&#039;, &#039;scrollbars=yes,width=800,height=400&#039;);\">\t\t\t\t\t<span class=\"qodef-icon-font-awesome fab fa-twitter qodef-social-network-icon\"><\/span>\t\t\t<\/a><\/li><li class=\"qodef-pinterest-share\">\t<a itemprop=\"url\" class=\"qodef-share-link\" href=\"#\" onclick=\"popUp=window.open(&#039;https:\/\/pinterest.com\/pin\/create\/button\/?url=https%3A%2F%2Fsoutherncrosslanguages.com%2Fes%2Fwhy-southern-cross%2F&amp;description=%C2%BFPor+qu%C3%A9+Southern+Cross%3F&amp;media=https%3A%2F%2Fsoutherncrosslanguages.com%2Fwp-content%2Fuploads%2F2023%2F03%2Fab-sec-3.jpg&#039;, &#039;popupwindow&#039;, &#039;scrollbars=yes,width=800,height=400&#039;);popUp.focus();return false;\">\t\t\t\t\t<span class=\"qodef-icon-font-awesome fab fa-pinterest-p qodef-social-network-icon\"><\/span>\t\t\t<\/a><\/li>\t<\/ul><\/div>\t<\/div>\r\n\t\t\t\t<\/div>\n\t\t\t<\/div>\n\t\t<\/div>\n\t<\/div>\n<\/article>\n\t<\/div>\n\t<\/div>\n\t\t<\/div>\n\t\t\t\t<\/div>\n\t\t\t\t\t<\/div>\n\t\t<\/div>\n\t\t\t\t\t\t\t<\/div>\n\t\t<\/section>\n\t\t\t\t\t\t\t<\/div>\n\t\t","protected":false},"excerpt":{"rendered":"","protected":false},"author":1,"featured_media":0,"parent":0,"menu_order":0,"comment_status":"closed","ping_status":"closed","template":"","meta":{"footnotes":""},"class_list":["post-6487","page","type-page","status-publish","hentry"],"yoast_head":"<!-- This site is optimized with the Yoast SEO plugin v20.11 - https:\/\/yoast.com\/wordpress\/plugins\/seo\/ -->\n<title>Blog - Andrea Behrendt<\/title>\n<meta name=\"robots\" content=\"index, follow, max-snippet:-1, max-image-preview:large, max-video-preview:-1\" \/>\n<link rel=\"canonical\" href=\"https:\/\/southerncrosslanguages.com\/es\/blog\/\" \/>\n<meta property=\"og:locale\" content=\"es_ES\" \/>\n<meta property=\"og:type\" content=\"article\" \/>\n<meta property=\"og:title\" content=\"Blog - Andrea Behrendt\" \/>\n<meta property=\"og:url\" content=\"https:\/\/southerncrosslanguages.com\/es\/blog\/\" \/>\n<meta property=\"og:site_name\" content=\"Andrea Behrendt\" \/>\n<meta property=\"article:modified_time\" content=\"2023-06-07T14:52:14+00:00\" \/>\n<meta name=\"twitter:card\" content=\"summary_large_image\" \/>\n<script type=\"application\/ld+json\" class=\"yoast-schema-graph\">{\"@context\":\"https:\/\/schema.org\",\"@graph\":[{\"@type\":\"WebPage\",\"@id\":\"https:\/\/southerncrosslanguages.com\/es\/blog\/\",\"url\":\"https:\/\/southerncrosslanguages.com\/es\/blog\/\",\"name\":\"Blog - Andrea Behrendt\",\"isPartOf\":{\"@id\":\"https:\/\/southerncrosslanguages.com\/de\/#website\"},\"datePublished\":\"2022-01-26T10:27:33+00:00\",\"dateModified\":\"2023-06-07T14:52:14+00:00\",\"breadcrumb\":{\"@id\":\"https:\/\/southerncrosslanguages.com\/es\/blog\/#breadcrumb\"},\"inLanguage\":\"es\",\"potentialAction\":[{\"@type\":\"ReadAction\",\"target\":[\"https:\/\/southerncrosslanguages.com\/es\/blog\/\"]}]},{\"@type\":\"BreadcrumbList\",\"@id\":\"https:\/\/southerncrosslanguages.com\/es\/blog\/#breadcrumb\",\"itemListElement\":[{\"@type\":\"ListItem\",\"position\":1,\"name\":\"Home\",\"item\":\"https:\/\/southerncrosslanguages.com\/es\/\"},{\"@type\":\"ListItem\",\"position\":2,\"name\":\"Blog\"}]},{\"@type\":\"WebSite\",\"@id\":\"https:\/\/southerncrosslanguages.com\/de\/#website\",\"url\":\"https:\/\/southerncrosslanguages.com\/de\/\",\"name\":\"Andrea Behrendt\",\"description\":\"Southern Cross Language Services by Andrea Behrendt\",\"potentialAction\":[{\"@type\":\"SearchAction\",\"target\":{\"@type\":\"EntryPoint\",\"urlTemplate\":\"https:\/\/southerncrosslanguages.com\/de\/?s={search_term_string}\"},\"query-input\":\"required name=search_term_string\"}],\"inLanguage\":\"es\"}]}<\/script>\n<!-- \/ Yoast SEO plugin. -->","yoast_head_json":{"title":"Blog - Andrea Behrendt","robots":{"index":"index","follow":"follow","max-snippet":"max-snippet:-1","max-image-preview":"max-image-preview:large","max-video-preview":"max-video-preview:-1"},"canonical":"https:\/\/southerncrosslanguages.com\/es\/blog\/","og_locale":"es_ES","og_type":"article","og_title":"Blog - Andrea Behrendt","og_url":"https:\/\/southerncrosslanguages.com\/es\/blog\/","og_site_name":"Andrea Behrendt","article_modified_time":"2023-06-07T14:52:14+00:00","twitter_card":"summary_large_image","schema":{"@context":"https:\/\/schema.org","@graph":[{"@type":"WebPage","@id":"https:\/\/southerncrosslanguages.com\/es\/blog\/","url":"https:\/\/southerncrosslanguages.com\/es\/blog\/","name":"Blog - Andrea Behrendt","isPartOf":{"@id":"https:\/\/southerncrosslanguages.com\/de\/#website"},"datePublished":"2022-01-26T10:27:33+00:00","dateModified":"2023-06-07T14:52:14+00:00","breadcrumb":{"@id":"https:\/\/southerncrosslanguages.com\/es\/blog\/#breadcrumb"},"inLanguage":"es","potentialAction":[{"@type":"ReadAction","target":["https:\/\/southerncrosslanguages.com\/es\/blog\/"]}]},{"@type":"BreadcrumbList","@id":"https:\/\/southerncrosslanguages.com\/es\/blog\/#breadcrumb","itemListElement":[{"@type":"ListItem","position":1,"name":"Home","item":"https:\/\/southerncrosslanguages.com\/es\/"},{"@type":"ListItem","position":2,"name":"Blog"}]},{"@type":"WebSite","@id":"https:\/\/southerncrosslanguages.com\/de\/#website","url":"https:\/\/southerncrosslanguages.com\/de\/","name":"Andrea Behrendt","description":"Southern Cross Language Services by Andrea Behrendt","potentialAction":[{"@type":"SearchAction","target":{"@type":"EntryPoint","urlTemplate":"https:\/\/southerncrosslanguages.com\/de\/?s={search_term_string}"},"query-input":"required name=search_term_string"}],"inLanguage":"es"}]}},"_links":{"self":[{"href":"https:\/\/southerncrosslanguages.com\/es\/wp-json\/wp\/v2\/pages\/6487","targetHints":{"allow":["GET"]}}],"collection":[{"href":"https:\/\/southerncrosslanguages.com\/es\/wp-json\/wp\/v2\/pages"}],"about":[{"href":"https:\/\/southerncrosslanguages.com\/es\/wp-json\/wp\/v2\/types\/page"}],"author":[{"embeddable":true,"href":"https:\/\/southerncrosslanguages.com\/es\/wp-json\/wp\/v2\/users\/1"}],"replies":[{"embeddable":true,"href":"https:\/\/southerncrosslanguages.com\/es\/wp-json\/wp\/v2\/comments?post=6487"}],"version-history":[{"count":1,"href":"https:\/\/southerncrosslanguages.com\/es\/wp-json\/wp\/v2\/pages\/6487\/revisions"}],"predecessor-version":[{"id":6488,"href":"https:\/\/southerncrosslanguages.com\/es\/wp-json\/wp\/v2\/pages\/6487\/revisions\/6488"}],"wp:attachment":[{"href":"https:\/\/southerncrosslanguages.com\/es\/wp-json\/wp\/v2\/media?parent=6487"}],"curies":[{"name":"wp","href":"https:\/\/api.w.org\/{rel}","templated":true}]}}