{"id":6482,"date":"2022-02-08T12:08:02","date_gmt":"2022-02-08T12:08:02","guid":{"rendered":"https:\/\/southerncrosslanguages.com\/?page_id=6482"},"modified":"2023-06-09T10:08:06","modified_gmt":"2023-06-09T10:08:06","slug":"acerca-de","status":"publish","type":"page","link":"https:\/\/southerncrosslanguages.com\/es\/acerca-de\/","title":{"rendered":"ACERCA DE"},"content":{"rendered":"\t\t<div data-elementor-type=\"wp-page\" data-elementor-id=\"6482\" class=\"elementor elementor-6482 elementor-2533\">\n\t\t\t\t\t\t\t\t\t<section class=\"elementor-section elementor-top-section elementor-element elementor-element-5f81c4d elementor-section-content-middle elementor-section-boxed elementor-section-height-default elementor-section-height-default qodef-elementor-content-no\" data-id=\"5f81c4d\" data-element_type=\"section\">\n\t\t\t\t\t\t<div class=\"elementor-container elementor-column-gap-wider\">\n\t\t\t\t\t<div class=\"elementor-column elementor-col-50 elementor-top-column elementor-element elementor-element-965f96c\" data-id=\"965f96c\" data-element_type=\"column\">\n\t\t\t<div class=\"elementor-widget-wrap elementor-element-populated\">\n\t\t\t\t\t\t\t\t<div class=\"elementor-element elementor-element-a4d7410 elementor-widget elementor-widget-carmona_core_team_list\" data-id=\"a4d7410\" data-element_type=\"widget\" data-widget_type=\"carmona_core_team_list.default\">\n\t\t\t\t<div class=\"elementor-widget-container\">\n\t\t\t<div class=\"qodef-shortcode qodef-m  qodef-team-list qodef-item-layout--info-on-hover qodef-grid qodef-layout--columns  qodef-gutter--small qodef-col-num--1 qodef-item-layout--info-on-hover     qodef--no-bottom-space qodef-pagination--off qodef-responsive--custom qodef-col-num--1440--1 qodef-col-num--1366--1 qodef-col-num--1024--1 qodef-col-num--768--1 qodef-col-num--680--1 qodef-col-num--480--1\" data-options=\"{&quot;plugin&quot;:&quot;carmona_core&quot;,&quot;module&quot;:&quot;post-types\\\/team\\\/shortcodes&quot;,&quot;shortcode&quot;:&quot;team-list&quot;,&quot;post_type&quot;:&quot;team&quot;,&quot;next_page&quot;:&quot;2&quot;,&quot;max_pages_num&quot;:1,&quot;behavior&quot;:&quot;columns&quot;,&quot;images_proportion&quot;:&quot;full&quot;,&quot;columns&quot;:&quot;1&quot;,&quot;columns_responsive&quot;:&quot;custom&quot;,&quot;columns_1440&quot;:&quot;1&quot;,&quot;columns_1366&quot;:&quot;1&quot;,&quot;columns_1024&quot;:&quot;1&quot;,&quot;columns_768&quot;:&quot;1&quot;,&quot;columns_680&quot;:&quot;1&quot;,&quot;columns_480&quot;:&quot;1&quot;,&quot;space&quot;:&quot;small&quot;,&quot;posts_per_page&quot;:&quot;3&quot;,&quot;orderby&quot;:&quot;date&quot;,&quot;order&quot;:&quot;ASC&quot;,&quot;layout&quot;:&quot;info-on-hover&quot;,&quot;title_tag&quot;:&quot;h4&quot;,&quot;pagination_type&quot;:&quot;no-pagination&quot;,&quot;object_class_name&quot;:&quot;CarmonaCore_Team_List_Shortcode&quot;,&quot;taxonomy_filter&quot;:&quot;team-category&quot;,&quot;item_classes&quot;:&quot;qodef-e qodef-grid-item &quot;,&quot;space_value&quot;:10}\">\n\t\t<div class=\"qodef-grid-inner clear\">\n\t\t<div class=\"qodef-e qodef-grid-item  post-6506 team type-team status-publish has-post-thumbnail hentry\">\n\t<div class=\"qodef-e-inner\">\n\t\t<div class=\"qodef-e-image\">\n\t\t\t\t<div class=\"qodef-e-media-image\">\n\t\t\t\t\t<img decoding=\"async\" width=\"1400\" height=\"1050\" src=\"https:\/\/southerncrosslanguages.com\/wp-content\/uploads\/2023\/06\/ab-scls-4.webp\" class=\"attachment-full size-full wp-post-image\" alt=\"\" srcset=\"https:\/\/southerncrosslanguages.com\/wp-content\/uploads\/2023\/06\/ab-scls-4.webp 1400w, https:\/\/southerncrosslanguages.com\/wp-content\/uploads\/2023\/06\/ab-scls-4-300x225.webp 300w, https:\/\/southerncrosslanguages.com\/wp-content\/uploads\/2023\/06\/ab-scls-4-1024x768.webp 1024w, https:\/\/southerncrosslanguages.com\/wp-content\/uploads\/2023\/06\/ab-scls-4-768x576.webp 768w\" sizes=\"(max-width: 1400px) 100vw, 1400px\" \/>\t\t\t<\/div>\n\t\t<\/div>\n\t\t<div class=\"qodef-e-content\">\n\t\t\t<h4 itemprop=\"name\" class=\"qodef-e-title entry-title\" >\n\t\t\tAndrea Behrendt\t<\/h4>\n\t\t\t\t<p class=\"qodef-e-role\">Traductora e int\u00e9rprete de alem\u00e1n, espa\u00f1ol e ingl\u00e9s<\/p>\n\t\t\t\t<div class=\"qodef-team-member-social-icons\">\n\t\t\t\t\t\t\t<a class=\"qodef-team-member-social-icon\" href=\"https:\/\/www.linkedin.com\/in\/andrea-behrendt-78382614b\/\" target=\"_blank\">\n\t\t\t\t\t\t<span class=\"qodef-icon-font-awesome fab fa-linkedin-in\" ><\/span>\t\t\t\t\t<\/a>\n\t\t\t\t\t\t\t\t\t\t\t\t\t\t<a class=\"qodef-team-member-social-icon\" href=\"https:\/\/www.instagram.com\/southerncrosslanguageservices\/\" target=\"_blank\">\n\t\t\t\t\t\t<span class=\"qodef-icon-font-awesome fab fa-instagram\" ><\/span>\t\t\t\t\t<\/a>\n\t\t\t\t\t\t\t\t\t\t<\/div>\n\t\t<\/div>\n\t<\/div>\n<\/div>\n\t<\/div>\n\t<\/div>\n\t\t<\/div>\n\t\t\t\t<\/div>\n\t\t\t\t\t<\/div>\n\t\t<\/div>\n\t\t\t\t<div class=\"elementor-column elementor-col-50 elementor-top-column elementor-element elementor-element-695cc27\" data-id=\"695cc27\" data-element_type=\"column\">\n\t\t\t<div class=\"elementor-widget-wrap elementor-element-populated\">\n\t\t\t\t\t\t\t\t<div class=\"elementor-element elementor-element-073446c elementor-widget elementor-widget-carmona_core_section_title\" data-id=\"073446c\" data-element_type=\"widget\" data-widget_type=\"carmona_core_section_title.default\">\n\t\t\t\t<div class=\"elementor-widget-container\">\n\t\t\t<div class=\"qodef-shortcode qodef-m  qodef-section-title qodef-alignment--left \">\n\t\t<h2 class=\"qodef-m-title\" >\n\t\t\t\t\t\u00a1Hola! Soy Andrea\t\t\n\t\t<span class=\"qodef-m-separator\">\n\t\t\t<svg class=\"qodef-svg--wave\" xmlns=\"http:\/\/www.w3.org\/2000\/svg\" width=\"47.439\" height=\"7.7167\" viewBox=\"0 0 47.439 7.7167\"><path stroke=\"currentColor\" stroke-width=\"2\" d=\"M.6974,7s6.1663-6,8.378-6c2.3069,0,5.558,5.036,7.34,5.036,1.554,0,5.44-5.036,7.3406-5.036,1.6041,0,6.02,5.036,7.34,5.036C32.4994,6.036,36.5094,1,38.4344,1c1.9585,0,6.8517,4.44,8.263,6\"\/><\/svg>\t\t<\/span>\n\t<\/h2>\n\t<\/div>\n\t\t<\/div>\n\t\t\t\t<\/div>\n\t\t\t\t<div class=\"elementor-element elementor-element-8c757c0 elementor-widget elementor-widget-text-editor\" data-id=\"8c757c0\" data-element_type=\"widget\" data-widget_type=\"text-editor.default\">\n\t\t\t\t<div class=\"elementor-widget-container\">\n\t\t\t<style>\/*! elementor - v3.14.0 - 26-06-2023 *\/\n.elementor-widget-text-editor.elementor-drop-cap-view-stacked .elementor-drop-cap{background-color:#69727d;color:#fff}.elementor-widget-text-editor.elementor-drop-cap-view-framed .elementor-drop-cap{color:#69727d;border:3px solid;background-color:transparent}.elementor-widget-text-editor:not(.elementor-drop-cap-view-default) .elementor-drop-cap{margin-top:8px}.elementor-widget-text-editor:not(.elementor-drop-cap-view-default) .elementor-drop-cap-letter{width:1em;height:1em}.elementor-widget-text-editor .elementor-drop-cap{float:left;text-align:center;line-height:1;font-size:50px}.elementor-widget-text-editor .elementor-drop-cap-letter{display:inline-block}<\/style>\t\t\t\t<p>Mis lenguas maternas son el espa\u00f1ol y el alem\u00e1n, y soy hablante nativa de ingl\u00e9s. Ense\u00f1o estos tres idiomas, especializ\u00e1ndome en cursos de conversaci\u00f3n y preparaci\u00f3n de ex\u00e1menes.<\/p><p>Me cri\u00e9 en un ambiente multicultural y multiling\u00fce, s\u00e9 c\u00f3mo moverme en diferentes idiomas, culturas y pa\u00edses, y puedo transmitir todo esta experiencia a mis clientes.<\/p>\t\t\t\t\t\t<\/div>\n\t\t\t\t<\/div>\n\t\t\t\t\t<\/div>\n\t\t<\/div>\n\t\t\t\t\t\t\t<\/div>\n\t\t<\/section>\n\t\t\t\t<section class=\"elementor-section elementor-top-section elementor-element elementor-element-9b514d4 elementor-section-full_width elementor-section-height-default elementor-section-height-default qodef-elementor-content-no\" data-id=\"9b514d4\" data-element_type=\"section\">\n\t\t\t\t\t\t<div class=\"elementor-container elementor-column-gap-default\">\n\t\t\t\t\t<div class=\"elementor-column elementor-col-50 elementor-top-column elementor-element elementor-element-52db3fa\" data-id=\"52db3fa\" data-element_type=\"column\" data-settings=\"{&quot;background_background&quot;:&quot;classic&quot;}\">\n\t\t\t<div class=\"elementor-widget-wrap elementor-element-populated\">\n\t\t\t\t\t\t\t\t<div class=\"elementor-element elementor-element-d6b71ea elementor-widget elementor-widget-carmona_core_section_title\" data-id=\"d6b71ea\" data-element_type=\"widget\" data-widget_type=\"carmona_core_section_title.default\">\n\t\t\t\t<div class=\"elementor-widget-container\">\n\t\t\t<div class=\"qodef-shortcode qodef-m  qodef-section-title qodef-alignment--left \">\n\t\t<h2 class=\"qodef-m-title\" >\n\t\t\t\t\tMi historia:\t\t\n\t\t<span class=\"qodef-m-separator\">\n\t\t\t<svg class=\"qodef-svg--wave\" xmlns=\"http:\/\/www.w3.org\/2000\/svg\" width=\"47.439\" height=\"7.7167\" viewBox=\"0 0 47.439 7.7167\"><path stroke=\"currentColor\" stroke-width=\"2\" d=\"M.6974,7s6.1663-6,8.378-6c2.3069,0,5.558,5.036,7.34,5.036,1.554,0,5.44-5.036,7.3406-5.036,1.6041,0,6.02,5.036,7.34,5.036C32.4994,6.036,36.5094,1,38.4344,1c1.9585,0,6.8517,4.44,8.263,6\"\/><\/svg>\t\t<\/span>\n\t<\/h2>\n\t<\/div>\n\t\t<\/div>\n\t\t\t\t<\/div>\n\t\t\t\t<div class=\"elementor-element elementor-element-31b0a4f elementor-widget elementor-widget-text-editor\" data-id=\"31b0a4f\" data-element_type=\"widget\" data-widget_type=\"text-editor.default\">\n\t\t\t\t<div class=\"elementor-widget-container\">\n\t\t\t\t\t\t\t<p>Nac\u00ed en Argentina y me cri\u00e9 con dos lenguas maternas: espa\u00f1ol y alem\u00e1n. Mi familia paterna es alemana y la materna argentina de origen italiano. Asist\u00ed a un colegio alem\u00e1n en Buenos Aires en el que las asignaturas se dictaban en alem\u00e1n y en espa\u00f1ol. Mi primer contacto con el ingl\u00e9s fue a la edad de nueve a\u00f1os en el colegio.<\/p><p>Desde el primer momento me encantaron los idiomas. Siempre sent\u00ed curiosidad por aprender m\u00e1s, por entender lo que la gente dec\u00eda. Y mi objetivo es ayudar a que la gente se entienda.<\/p>\t\t\t\t\t\t<\/div>\n\t\t\t\t<\/div>\n\t\t\t\t\t<\/div>\n\t\t<\/div>\n\t\t\t\t<div class=\"elementor-column elementor-col-50 elementor-top-column elementor-element elementor-element-5ea1375\" data-id=\"5ea1375\" data-element_type=\"column\" data-settings=\"{&quot;background_background&quot;:&quot;classic&quot;}\">\n\t\t\t<div class=\"elementor-widget-wrap elementor-element-populated\">\n\t\t\t\t\t\t\t\t<div class=\"elementor-element elementor-element-38949a9 elementor-widget elementor-widget-spacer\" data-id=\"38949a9\" data-element_type=\"widget\" data-widget_type=\"spacer.default\">\n\t\t\t\t<div class=\"elementor-widget-container\">\n\t\t\t<style>\/*! elementor - v3.14.0 - 26-06-2023 *\/\n.elementor-column .elementor-spacer-inner{height:var(--spacer-size)}.e-con{--container-widget-width:100%}.e-con-inner>.elementor-widget-spacer,.e-con>.elementor-widget-spacer{width:var(--container-widget-width,var(--spacer-size));--align-self:var(--container-widget-align-self,initial);--flex-shrink:0}.e-con-inner>.elementor-widget-spacer>.elementor-widget-container,.e-con-inner>.elementor-widget-spacer>.elementor-widget-container>.elementor-spacer,.e-con>.elementor-widget-spacer>.elementor-widget-container,.e-con>.elementor-widget-spacer>.elementor-widget-container>.elementor-spacer{height:100%}.e-con-inner>.elementor-widget-spacer>.elementor-widget-container>.elementor-spacer>.elementor-spacer-inner,.e-con>.elementor-widget-spacer>.elementor-widget-container>.elementor-spacer>.elementor-spacer-inner{height:var(--container-widget-height,var(--spacer-size))}<\/style>\t\t<div class=\"elementor-spacer\">\n\t\t\t<div class=\"elementor-spacer-inner\"><\/div>\n\t\t<\/div>\n\t\t\t\t<\/div>\n\t\t\t\t<\/div>\n\t\t\t\t\t<\/div>\n\t\t<\/div>\n\t\t\t\t\t\t\t<\/div>\n\t\t<\/section>\n\t\t\t\t<section class=\"elementor-section elementor-top-section elementor-element elementor-element-bb942f5 elementor-section-full_width elementor-reverse-tablet elementor-reverse-mobile elementor-section-height-default elementor-section-height-default qodef-elementor-content-no\" data-id=\"bb942f5\" data-element_type=\"section\">\n\t\t\t\t\t\t<div class=\"elementor-container elementor-column-gap-default\">\n\t\t\t\t\t<div class=\"elementor-column elementor-col-50 elementor-top-column elementor-element elementor-element-bf9e5aa\" data-id=\"bf9e5aa\" data-element_type=\"column\" data-settings=\"{&quot;background_background&quot;:&quot;classic&quot;}\">\n\t\t\t<div class=\"elementor-widget-wrap elementor-element-populated\">\n\t\t\t\t\t\t\t\t<div class=\"elementor-element elementor-element-d904127 elementor-widget elementor-widget-spacer\" data-id=\"d904127\" data-element_type=\"widget\" data-widget_type=\"spacer.default\">\n\t\t\t\t<div class=\"elementor-widget-container\">\n\t\t\t\t\t<div class=\"elementor-spacer\">\n\t\t\t<div class=\"elementor-spacer-inner\"><\/div>\n\t\t<\/div>\n\t\t\t\t<\/div>\n\t\t\t\t<\/div>\n\t\t\t\t\t<\/div>\n\t\t<\/div>\n\t\t\t\t<div class=\"elementor-column elementor-col-50 elementor-top-column elementor-element elementor-element-d230d1f\" data-id=\"d230d1f\" data-element_type=\"column\" data-settings=\"{&quot;background_background&quot;:&quot;classic&quot;}\">\n\t\t\t<div class=\"elementor-widget-wrap elementor-element-populated\">\n\t\t\t\t\t\t\t\t<div class=\"elementor-element elementor-element-c1e0694 elementor-widget elementor-widget-text-editor\" data-id=\"c1e0694\" data-element_type=\"widget\" data-widget_type=\"text-editor.default\">\n\t\t\t\t<div class=\"elementor-widget-container\">\n\t\t\t\t\t\t\t<p>De all\u00ed surgi\u00f3 la decisi\u00f3n de estudiar \u201calgo con idiomas\u201d. Despu\u00e9s de un estudio terciario comercial, curs\u00e9 la carrera de Traductorado P\u00fablico en la Universidad de Buenos Aires. Mis idiomas fueron alem\u00e1n y espa\u00f1ol y me gradu\u00e9 en 1996.<\/p><p>Ya durante mi \u00e9poca escolar comenc\u00e9 a dar clases de idiomas y continu\u00e9 con este trabajo durante mis estudios universitarios, dando clases de alem\u00e1n, ingl\u00e9s y espa\u00f1ol a ni\u00f1os, estudiantes y adultos. Despu\u00e9s de graduarme en la Universidad realic\u00e9 infinidad de traducciones (p\u00fablicas y no p\u00fablicas) en alem\u00e1n y espa\u00f1ol.<\/p>\t\t\t\t\t\t<\/div>\n\t\t\t\t<\/div>\n\t\t\t\t\t<\/div>\n\t\t<\/div>\n\t\t\t\t\t\t\t<\/div>\n\t\t<\/section>\n\t\t\t\t<section class=\"elementor-section elementor-top-section elementor-element elementor-element-8fbda67 elementor-section-full_width elementor-section-height-default elementor-section-height-default qodef-elementor-content-no\" data-id=\"8fbda67\" data-element_type=\"section\">\n\t\t\t\t\t\t<div class=\"elementor-container elementor-column-gap-default\">\n\t\t\t\t\t<div class=\"elementor-column elementor-col-50 elementor-top-column elementor-element elementor-element-443dbef\" data-id=\"443dbef\" data-element_type=\"column\" data-settings=\"{&quot;background_background&quot;:&quot;classic&quot;}\">\n\t\t\t<div class=\"elementor-widget-wrap elementor-element-populated\">\n\t\t\t\t\t\t\t\t<div class=\"elementor-element elementor-element-0722c0e elementor-widget elementor-widget-text-editor\" data-id=\"0722c0e\" data-element_type=\"widget\" data-widget_type=\"text-editor.default\">\n\t\t\t\t<div class=\"elementor-widget-container\">\n\t\t\t\t\t\t\t<p>Entre 1998 y 2000 trabaj\u00e9 como secretaria ejecutiva para una compa\u00f1\u00eda hotelera en Alemania, realizando all\u00ed tambi\u00e9n tareas de traducci\u00f3n e interpretaci\u00f3n en los tres idiomas. Luego regres\u00e9 a Argentina y retom\u00e9 mis tareas de ense\u00f1anza de idiomas y traducci\u00f3n, principalmente en el \u00e1mbito jur\u00eddico.<\/p><p>En 2003 me mud\u00e9 al peque\u00f1o pueblo de Kuessaberg en Alemania, donde resido a\u00fan hoy. Esta es mi sede de trabajo, pero siempre estoy dispuesta a viajar al exterior o dentro de Alemania, si es que el cliente as\u00ed lo desea.<\/p><p>En 2023 me reincorporo al mercado de las traducciones, aplicando todos los conocimientos y la experiencia adquiridos en estos a\u00f1os.<\/p>\t\t\t\t\t\t<\/div>\n\t\t\t\t<\/div>\n\t\t\t\t\t<\/div>\n\t\t<\/div>\n\t\t\t\t<div class=\"elementor-column elementor-col-50 elementor-top-column elementor-element elementor-element-c6dfbee\" data-id=\"c6dfbee\" data-element_type=\"column\" data-settings=\"{&quot;background_background&quot;:&quot;classic&quot;}\">\n\t\t\t<div class=\"elementor-widget-wrap elementor-element-populated\">\n\t\t\t\t\t\t\t\t<div class=\"elementor-element elementor-element-79fa989 elementor-widget elementor-widget-spacer\" data-id=\"79fa989\" data-element_type=\"widget\" data-widget_type=\"spacer.default\">\n\t\t\t\t<div class=\"elementor-widget-container\">\n\t\t\t\t\t<div class=\"elementor-spacer\">\n\t\t\t<div class=\"elementor-spacer-inner\"><\/div>\n\t\t<\/div>\n\t\t\t\t<\/div>\n\t\t\t\t<\/div>\n\t\t\t\t\t<\/div>\n\t\t<\/div>\n\t\t\t\t\t\t\t<\/div>\n\t\t<\/section>\n\t\t\t\t<section class=\"elementor-section elementor-top-section elementor-element elementor-element-764224f elementor-section-full_width elementor-section-height-default elementor-section-height-default qodef-elementor-content-no\" data-id=\"764224f\" data-element_type=\"section\" data-settings=\"{&quot;background_background&quot;:&quot;classic&quot;}\">\n\t\t\t\t\t\t<div class=\"elementor-container elementor-column-gap-default\">\n\t\t\t\t\t<div class=\"elementor-column elementor-col-100 elementor-top-column elementor-element elementor-element-f4d2989\" data-id=\"f4d2989\" data-element_type=\"column\">\n\t\t\t<div class=\"elementor-widget-wrap elementor-element-populated\">\n\t\t\t\t\t\t\t\t<section class=\"elementor-section elementor-inner-section elementor-element elementor-element-a5b33fe center elementor-section-boxed elementor-section-height-default elementor-section-height-default qodef-elementor-content-no\" data-id=\"a5b33fe\" data-element_type=\"section\">\n\t\t\t\t\t\t<div class=\"elementor-container elementor-column-gap-default\">\n\t\t\t\t\t<div class=\"elementor-column elementor-col-100 elementor-inner-column elementor-element elementor-element-c157e7b\" data-id=\"c157e7b\" data-element_type=\"column\">\n\t\t\t<div class=\"elementor-widget-wrap elementor-element-populated\">\n\t\t\t\t\t\t\t\t<div class=\"elementor-element elementor-element-2c6db92 elementor-widget elementor-widget-carmona_core_button\" data-id=\"2c6db92\" data-element_type=\"widget\" data-widget_type=\"carmona_core_button.default\">\n\t\t\t\t<div class=\"elementor-widget-container\">\n\t\t\t<a class=\"qodef-shortcode qodef-m  qodef-button qodef-layout--filled  qodef-html--link\" href=\"https:\/\/southerncrosslanguages.com\/es\/contacto\/\" target=\"_self\" data-hover-background-color=\"#3FAFF0\" style=\"color: #0D160B;background-color: #FFFFFF\">\n\t<span class=\"qodef-m-text\">Enc\u00e1rgueme su proyecto<\/span>\n<\/a>\n\t\t<\/div>\n\t\t\t\t<\/div>\n\t\t\t\t<div class=\"elementor-element elementor-element-7a82cd9 elementor-widget elementor-widget-carmona_core_button\" data-id=\"7a82cd9\" data-element_type=\"widget\" data-widget_type=\"carmona_core_button.default\">\n\t\t\t\t<div class=\"elementor-widget-container\">\n\t\t\t<a class=\"qodef-shortcode qodef-m  qodef-button qodef-layout--filled  qodef-html--link\" href=\"https:\/\/southerncrosslanguages.com\/es\/servicios-y-especializaciones\/\" target=\"_self\" data-hover-background-color=\"#3FAFF0\" style=\"color: #0D160B;background-color: #FFFFFF\">\n\t<span class=\"qodef-m-text\">Descubra mis servicios<\/span>\n<\/a>\n\t\t<\/div>\n\t\t\t\t<\/div>\n\t\t\t\t\t<\/div>\n\t\t<\/div>\n\t\t\t\t\t\t\t<\/div>\n\t\t<\/section>\n\t\t\t\t\t<\/div>\n\t\t<\/div>\n\t\t\t\t\t\t\t<\/div>\n\t\t<\/section>\n\t\t\t\t\t\t\t<\/div>\n\t\t","protected":false},"excerpt":{"rendered":"<p>Andrea Behrendt Traductora e int\u00e9rprete de alem\u00e1n, espa\u00f1ol e ingl\u00e9s \u00a1Hola! Soy Andrea Mis lenguas maternas son el espa\u00f1ol y el alem\u00e1n, y soy hablante nativa de ingl\u00e9s. Ense\u00f1o estos tres idiomas, especializ\u00e1ndome en cursos de conversaci\u00f3n y preparaci\u00f3n de ex\u00e1menes. Me cri\u00e9 en un ambiente multicultural y multiling\u00fce, s\u00e9 c\u00f3mo moverme en diferentes idiomas, [&hellip;]<\/p>\n","protected":false},"author":1,"featured_media":0,"parent":0,"menu_order":0,"comment_status":"closed","ping_status":"closed","template":"page-full-width.php","meta":{"footnotes":""},"class_list":["post-6482","page","type-page","status-publish","hentry"],"yoast_head":"<!-- This site is optimized with the Yoast SEO plugin v20.11 - https:\/\/yoast.com\/wordpress\/plugins\/seo\/ -->\n<title>ACERCA DE - Andrea Behrendt<\/title>\n<meta name=\"robots\" content=\"index, follow, max-snippet:-1, max-image-preview:large, max-video-preview:-1\" \/>\n<link rel=\"canonical\" href=\"https:\/\/southerncrosslanguages.com\/es\/acerca-de\/\" \/>\n<meta property=\"og:locale\" content=\"es_ES\" \/>\n<meta property=\"og:type\" content=\"article\" \/>\n<meta property=\"og:title\" content=\"ACERCA DE - Andrea Behrendt\" \/>\n<meta property=\"og:description\" content=\"Andrea Behrendt Traductora e int\u00e9rprete de alem\u00e1n, espa\u00f1ol e ingl\u00e9s \u00a1Hola! Soy Andrea Mis lenguas maternas son el espa\u00f1ol y el alem\u00e1n, y soy hablante nativa de ingl\u00e9s. Ense\u00f1o estos tres idiomas, especializ\u00e1ndome en cursos de conversaci\u00f3n y preparaci\u00f3n de ex\u00e1menes. Me cri\u00e9 en un ambiente multicultural y multiling\u00fce, s\u00e9 c\u00f3mo moverme en diferentes idiomas, [&hellip;]\" \/>\n<meta property=\"og:url\" content=\"https:\/\/southerncrosslanguages.com\/es\/acerca-de\/\" \/>\n<meta property=\"og:site_name\" content=\"Andrea Behrendt\" \/>\n<meta property=\"article:modified_time\" content=\"2023-06-09T10:08:06+00:00\" \/>\n<meta property=\"og:image\" content=\"https:\/\/southerncrosslanguages.com\/wp-content\/uploads\/2023\/06\/ab-scls-4.webp\" \/>\n<meta name=\"twitter:card\" content=\"summary_large_image\" \/>\n<meta name=\"twitter:label1\" content=\"Tiempo de lectura\" \/>\n\t<meta name=\"twitter:data1\" content=\"2 minutos\" \/>\n<script type=\"application\/ld+json\" class=\"yoast-schema-graph\">{\"@context\":\"https:\/\/schema.org\",\"@graph\":[{\"@type\":\"WebPage\",\"@id\":\"https:\/\/southerncrosslanguages.com\/es\/acerca-de\/\",\"url\":\"https:\/\/southerncrosslanguages.com\/es\/acerca-de\/\",\"name\":\"ACERCA DE - Andrea Behrendt\",\"isPartOf\":{\"@id\":\"https:\/\/southerncrosslanguages.com\/de\/#website\"},\"datePublished\":\"2022-02-08T12:08:02+00:00\",\"dateModified\":\"2023-06-09T10:08:06+00:00\",\"breadcrumb\":{\"@id\":\"https:\/\/southerncrosslanguages.com\/es\/acerca-de\/#breadcrumb\"},\"inLanguage\":\"es\",\"potentialAction\":[{\"@type\":\"ReadAction\",\"target\":[\"https:\/\/southerncrosslanguages.com\/es\/acerca-de\/\"]}]},{\"@type\":\"BreadcrumbList\",\"@id\":\"https:\/\/southerncrosslanguages.com\/es\/acerca-de\/#breadcrumb\",\"itemListElement\":[{\"@type\":\"ListItem\",\"position\":1,\"name\":\"Home\",\"item\":\"https:\/\/southerncrosslanguages.com\/es\/\"},{\"@type\":\"ListItem\",\"position\":2,\"name\":\"ACERCA DE\"}]},{\"@type\":\"WebSite\",\"@id\":\"https:\/\/southerncrosslanguages.com\/de\/#website\",\"url\":\"https:\/\/southerncrosslanguages.com\/de\/\",\"name\":\"Andrea Behrendt\",\"description\":\"Southern Cross Language Services by Andrea Behrendt\",\"potentialAction\":[{\"@type\":\"SearchAction\",\"target\":{\"@type\":\"EntryPoint\",\"urlTemplate\":\"https:\/\/southerncrosslanguages.com\/de\/?s={search_term_string}\"},\"query-input\":\"required name=search_term_string\"}],\"inLanguage\":\"es\"}]}<\/script>\n<!-- \/ Yoast SEO plugin. -->","yoast_head_json":{"title":"ACERCA DE - Andrea Behrendt","robots":{"index":"index","follow":"follow","max-snippet":"max-snippet:-1","max-image-preview":"max-image-preview:large","max-video-preview":"max-video-preview:-1"},"canonical":"https:\/\/southerncrosslanguages.com\/es\/acerca-de\/","og_locale":"es_ES","og_type":"article","og_title":"ACERCA DE - Andrea Behrendt","og_description":"Andrea Behrendt Traductora e int\u00e9rprete de alem\u00e1n, espa\u00f1ol e ingl\u00e9s \u00a1Hola! Soy Andrea Mis lenguas maternas son el espa\u00f1ol y el alem\u00e1n, y soy hablante nativa de ingl\u00e9s. Ense\u00f1o estos tres idiomas, especializ\u00e1ndome en cursos de conversaci\u00f3n y preparaci\u00f3n de ex\u00e1menes. Me cri\u00e9 en un ambiente multicultural y multiling\u00fce, s\u00e9 c\u00f3mo moverme en diferentes idiomas, [&hellip;]","og_url":"https:\/\/southerncrosslanguages.com\/es\/acerca-de\/","og_site_name":"Andrea Behrendt","article_modified_time":"2023-06-09T10:08:06+00:00","og_image":[{"url":"https:\/\/southerncrosslanguages.com\/wp-content\/uploads\/2023\/06\/ab-scls-4.webp"}],"twitter_card":"summary_large_image","twitter_misc":{"Tiempo de lectura":"2 minutos"},"schema":{"@context":"https:\/\/schema.org","@graph":[{"@type":"WebPage","@id":"https:\/\/southerncrosslanguages.com\/es\/acerca-de\/","url":"https:\/\/southerncrosslanguages.com\/es\/acerca-de\/","name":"ACERCA DE - Andrea Behrendt","isPartOf":{"@id":"https:\/\/southerncrosslanguages.com\/de\/#website"},"datePublished":"2022-02-08T12:08:02+00:00","dateModified":"2023-06-09T10:08:06+00:00","breadcrumb":{"@id":"https:\/\/southerncrosslanguages.com\/es\/acerca-de\/#breadcrumb"},"inLanguage":"es","potentialAction":[{"@type":"ReadAction","target":["https:\/\/southerncrosslanguages.com\/es\/acerca-de\/"]}]},{"@type":"BreadcrumbList","@id":"https:\/\/southerncrosslanguages.com\/es\/acerca-de\/#breadcrumb","itemListElement":[{"@type":"ListItem","position":1,"name":"Home","item":"https:\/\/southerncrosslanguages.com\/es\/"},{"@type":"ListItem","position":2,"name":"ACERCA DE"}]},{"@type":"WebSite","@id":"https:\/\/southerncrosslanguages.com\/de\/#website","url":"https:\/\/southerncrosslanguages.com\/de\/","name":"Andrea Behrendt","description":"Southern Cross Language Services by Andrea Behrendt","potentialAction":[{"@type":"SearchAction","target":{"@type":"EntryPoint","urlTemplate":"https:\/\/southerncrosslanguages.com\/de\/?s={search_term_string}"},"query-input":"required name=search_term_string"}],"inLanguage":"es"}]}},"_links":{"self":[{"href":"https:\/\/southerncrosslanguages.com\/es\/wp-json\/wp\/v2\/pages\/6482","targetHints":{"allow":["GET"]}}],"collection":[{"href":"https:\/\/southerncrosslanguages.com\/es\/wp-json\/wp\/v2\/pages"}],"about":[{"href":"https:\/\/southerncrosslanguages.com\/es\/wp-json\/wp\/v2\/types\/page"}],"author":[{"embeddable":true,"href":"https:\/\/southerncrosslanguages.com\/es\/wp-json\/wp\/v2\/users\/1"}],"replies":[{"embeddable":true,"href":"https:\/\/southerncrosslanguages.com\/es\/wp-json\/wp\/v2\/comments?post=6482"}],"version-history":[{"count":14,"href":"https:\/\/southerncrosslanguages.com\/es\/wp-json\/wp\/v2\/pages\/6482\/revisions"}],"predecessor-version":[{"id":6720,"href":"https:\/\/southerncrosslanguages.com\/es\/wp-json\/wp\/v2\/pages\/6482\/revisions\/6720"}],"wp:attachment":[{"href":"https:\/\/southerncrosslanguages.com\/es\/wp-json\/wp\/v2\/media?parent=6482"}],"curies":[{"name":"wp","href":"https:\/\/api.w.org\/{rel}","templated":true}]}}