{"id":6361,"date":"2022-02-09T08:12:26","date_gmt":"2022-02-09T08:12:26","guid":{"rendered":"http:\/\/southerncrosslanguages.com\/?page_id=6361"},"modified":"2023-06-20T07:21:30","modified_gmt":"2023-06-20T07:21:30","slug":"kontakt","status":"publish","type":"page","link":"https:\/\/southerncrosslanguages.com\/de\/kontakt\/","title":{"rendered":"Kontakt"},"content":{"rendered":"\t\t<div data-elementor-type=\"wp-page\" data-elementor-id=\"6361\" class=\"elementor elementor-6361 elementor-2816\">\n\t\t\t\t\t\t\t\t\t<section class=\"elementor-section elementor-top-section elementor-element elementor-element-72f2af6 elementor-section-full_width elementor-section-height-default elementor-section-height-default qodef-elementor-content-no\" data-id=\"72f2af6\" data-element_type=\"section\">\n\t\t\t\t\t\t<div class=\"elementor-container elementor-column-gap-default\">\n\t\t\t\t\t<div class=\"elementor-column elementor-col-100 elementor-top-column elementor-element elementor-element-c91e3f2\" data-id=\"c91e3f2\" data-element_type=\"column\">\n\t\t\t<div class=\"elementor-widget-wrap elementor-element-populated\">\n\t\t\t\t\t\t\t\t<div class=\"elementor-element elementor-element-51d068b elementor-widget elementor-widget-carmona_core_google_map\" data-id=\"51d068b\" data-element_type=\"widget\" data-widget_type=\"carmona_core_google_map.default\">\n\t\t\t\t<div class=\"elementor-widget-container\">\n\t\t\t<div class=\"qodef-shortcode qodef-m  qodef-google-map\">\n\t<div class=\"qodef-m-map\" id=\"qodef-map-id--263\" data-addresses='[\"soho street, new york\"]' data-pin=https:\/\/southerncrosslanguages.com\/wp-content\/plugins\/carmona-core\/inc\/maps\/assets\/img\/pin.png data-unique-id=263 data-height=496><\/div>\n<\/div>\n\t\t<\/div>\n\t\t\t\t<\/div>\n\t\t\t\t\t<\/div>\n\t\t<\/div>\n\t\t\t\t\t\t\t<\/div>\n\t\t<\/section>\n\t\t\t\t<section class=\"elementor-section elementor-top-section elementor-element elementor-element-f526c3f elementor-section-full_width qodef-elementor-content-grid elementor-section-content-middle elementor-section-height-default elementor-section-height-default\" data-id=\"f526c3f\" data-element_type=\"section\">\n\t\t\t\t\t\t<div class=\"elementor-container elementor-column-gap-default\">\n\t\t\t\t\t<div class=\"elementor-column elementor-col-50 elementor-top-column elementor-element elementor-element-dcecf04\" data-id=\"dcecf04\" data-element_type=\"column\">\n\t\t\t<div class=\"elementor-widget-wrap elementor-element-populated\">\n\t\t\t\t\t\t\t\t<div class=\"elementor-element elementor-element-14608cc elementor-widget elementor-widget-carmona_core_section_title\" data-id=\"14608cc\" data-element_type=\"widget\" data-widget_type=\"carmona_core_section_title.default\">\n\t\t\t\t<div class=\"elementor-widget-container\">\n\t\t\t<div class=\"qodef-shortcode qodef-m  qodef-section-title qodef-alignment--left \">\n\t\t<h2 class=\"qodef-m-title\" >\n\t\t\t\t\tBuchen Sie Ihre Sprachassistentin in Englisch, Spanisch und Deutsch\t\t\n\t\t<span class=\"qodef-m-separator\">\n\t\t\t<svg class=\"qodef-svg--wave\" xmlns=\"http:\/\/www.w3.org\/2000\/svg\" width=\"47.439\" height=\"7.7167\" viewBox=\"0 0 47.439 7.7167\"><path stroke=\"currentColor\" stroke-width=\"2\" d=\"M.6974,7s6.1663-6,8.378-6c2.3069,0,5.558,5.036,7.34,5.036,1.554,0,5.44-5.036,7.3406-5.036,1.6041,0,6.02,5.036,7.34,5.036C32.4994,6.036,36.5094,1,38.4344,1c1.9585,0,6.8517,4.44,8.263,6\"\/><\/svg>\t\t<\/span>\n\t<\/h2>\n\t\t<p class=\"qodef-m-text\" >Haben Sie ein Projekt? \nKontaktieren Sie mich!<\/p>\n<\/div>\n\t\t<\/div>\n\t\t\t\t<\/div>\n\t\t\t\t<div class=\"elementor-element elementor-element-4622e30 elementor-widget elementor-widget-spacer\" data-id=\"4622e30\" data-element_type=\"widget\" data-widget_type=\"spacer.default\">\n\t\t\t\t<div class=\"elementor-widget-container\">\n\t\t\t<style>\/*! elementor - v3.14.0 - 26-06-2023 *\/\n.elementor-column .elementor-spacer-inner{height:var(--spacer-size)}.e-con{--container-widget-width:100%}.e-con-inner>.elementor-widget-spacer,.e-con>.elementor-widget-spacer{width:var(--container-widget-width,var(--spacer-size));--align-self:var(--container-widget-align-self,initial);--flex-shrink:0}.e-con-inner>.elementor-widget-spacer>.elementor-widget-container,.e-con-inner>.elementor-widget-spacer>.elementor-widget-container>.elementor-spacer,.e-con>.elementor-widget-spacer>.elementor-widget-container,.e-con>.elementor-widget-spacer>.elementor-widget-container>.elementor-spacer{height:100%}.e-con-inner>.elementor-widget-spacer>.elementor-widget-container>.elementor-spacer>.elementor-spacer-inner,.e-con>.elementor-widget-spacer>.elementor-widget-container>.elementor-spacer>.elementor-spacer-inner{height:var(--container-widget-height,var(--spacer-size))}<\/style>\t\t<div class=\"elementor-spacer\">\n\t\t\t<div class=\"elementor-spacer-inner\"><\/div>\n\t\t<\/div>\n\t\t\t\t<\/div>\n\t\t\t\t<\/div>\n\t\t\t\t<section class=\"elementor-section elementor-inner-section elementor-element elementor-element-db0c489 elementor-section-boxed elementor-section-height-default elementor-section-height-default qodef-elementor-content-no\" data-id=\"db0c489\" data-element_type=\"section\">\n\t\t\t\t\t\t<div class=\"elementor-container elementor-column-gap-default\">\n\t\t\t\t\t<div class=\"elementor-column elementor-col-100 elementor-inner-column elementor-element elementor-element-f41cd03\" data-id=\"f41cd03\" data-element_type=\"column\">\n\t\t\t<div class=\"elementor-widget-wrap elementor-element-populated\">\n\t\t\t\t\t\t\t\t<div class=\"elementor-element elementor-element-9489665 elementor-widget elementor-widget-text-editor\" data-id=\"9489665\" data-element_type=\"widget\" data-widget_type=\"text-editor.default\">\n\t\t\t\t<div class=\"elementor-widget-container\">\n\t\t\t<style>\/*! elementor - v3.14.0 - 26-06-2023 *\/\n.elementor-widget-text-editor.elementor-drop-cap-view-stacked .elementor-drop-cap{background-color:#69727d;color:#fff}.elementor-widget-text-editor.elementor-drop-cap-view-framed .elementor-drop-cap{color:#69727d;border:3px solid;background-color:transparent}.elementor-widget-text-editor:not(.elementor-drop-cap-view-default) .elementor-drop-cap{margin-top:8px}.elementor-widget-text-editor:not(.elementor-drop-cap-view-default) .elementor-drop-cap-letter{width:1em;height:1em}.elementor-widget-text-editor .elementor-drop-cap{float:left;text-align:center;line-height:1;font-size:50px}.elementor-widget-text-editor .elementor-drop-cap-letter{display:inline-block}<\/style>\t\t\t\t<p><a href=\"mailto:info@southerncrosslanguages.com\">info@southerncrosslanguages.com<\/a><\/p>\t\t\t\t\t\t<\/div>\n\t\t\t\t<\/div>\n\t\t\t\t<div class=\"elementor-element elementor-element-37f6bba elementor-widget elementor-widget-text-editor\" data-id=\"37f6bba\" data-element_type=\"widget\" data-widget_type=\"text-editor.default\">\n\t\t\t\t<div class=\"elementor-widget-container\">\n\t\t\t\t\t\t\t<p><a href=\"tel:+491746979043\">+49 174 6979 043<\/a><\/p>\t\t\t\t\t\t<\/div>\n\t\t\t\t<\/div>\n\t\t\t\t<div class=\"elementor-element elementor-element-fa092a5 elementor-widget elementor-widget-text-editor\" data-id=\"fa092a5\" data-element_type=\"widget\" data-widget_type=\"text-editor.default\">\n\t\t\t\t<div class=\"elementor-widget-container\">\n\t\t\t\t\t\t\t<p>B\u00fcrozeiten: Montag bis Freitag, 8.00 bis 17.00 Uhr, Berliner Zeit<\/p>\t\t\t\t\t\t<\/div>\n\t\t\t\t<\/div>\n\t\t\t\t<div class=\"elementor-element elementor-element-f0f529a elementor-widget elementor-widget-text-editor\" data-id=\"f0f529a\" data-element_type=\"widget\" data-widget_type=\"text-editor.default\">\n\t\t\t\t<div class=\"elementor-widget-container\">\n\t\t\t\t\t\t\t<p>Meine Basis ist in K\u00fcssaberg, aber ich bin bereit, weltweit f\u00fcr Auftr\u00e4ge zu reisen.<\/p>\t\t\t\t\t\t<\/div>\n\t\t\t\t<\/div>\n\t\t\t\t\t<\/div>\n\t\t<\/div>\n\t\t\t\t\t\t\t<\/div>\n\t\t<\/section>\n\t\t\t\t<div class=\"elementor-element elementor-element-fd9506a elementor-widget__width-auto elementor-widget elementor-widget-carmona_core_icon\" data-id=\"fd9506a\" data-element_type=\"widget\" data-widget_type=\"carmona_core_icon.default\">\n\t\t\t\t<div class=\"elementor-widget-container\">\n\t\t\t<span class=\"qodef-shortcode qodef-m  qodef-icon-holder qodef-size--default qodef-layout--normal\"  >\n\t\t\t<a itemprop=\"url\" href=\"https:\/\/www.linkedin.com\/in\/andrea-behrendt-78382614b\/\" target=\"_blank\">\n\t\t\t<span class=\"qodef-icon-font-awesome fab fa-linkedin-in qodef-icon qodef-e\" style=\"\" ><\/span>\t\t\t<\/a>\n\t<\/span>\n\t\t<\/div>\n\t\t\t\t<\/div>\n\t\t\t\t<div class=\"elementor-element elementor-element-4205866 elementor-widget__width-auto elementor-widget elementor-widget-carmona_core_icon\" data-id=\"4205866\" data-element_type=\"widget\" data-widget_type=\"carmona_core_icon.default\">\n\t\t\t\t<div class=\"elementor-widget-container\">\n\t\t\t<span class=\"qodef-shortcode qodef-m  qodef-icon-holder qodef-size--default qodef-layout--normal\"  >\n\t\t\t<a itemprop=\"url\" href=\"https:\/\/www.instagram.com\/southerncrosslanguageservices\/\" target=\"_blank\">\n\t\t\t<span class=\"qodef-icon-font-awesome fab fa-instagram qodef-icon qodef-e\" style=\"\" ><\/span>\t\t\t<\/a>\n\t<\/span>\n\t\t<\/div>\n\t\t\t\t<\/div>\n\t\t\t\t\t<\/div>\n\t\t<\/div>\n\t\t\t\t<div class=\"elementor-column elementor-col-50 elementor-top-column elementor-element elementor-element-f0d6e19\" data-id=\"f0d6e19\" data-element_type=\"column\">\n\t\t\t<div class=\"elementor-widget-wrap elementor-element-populated\">\n\t\t\t\t\t\t\t\t<div class=\"elementor-element elementor-element-3bec625 elementor-widget elementor-widget-qi_addons_for_elementor_wp_forms\" data-id=\"3bec625\" data-element_type=\"widget\" data-widget_type=\"qi_addons_for_elementor_wp_forms.default\">\n\t\t\t\t<div class=\"elementor-widget-container\">\n\t\t\t<div class=\"qodef-shortcode qodef-m  qodef-qi-wp-forms \">\n\t<div class=\"wpforms-container wpforms-container-full wpforms-render-modern\" id=\"wpforms-6745\"><form id=\"wpforms-form-6745\" class=\"wpforms-validate wpforms-form wpforms-ajax-form\" data-formid=\"6745\" method=\"post\" enctype=\"multipart\/form-data\" action=\"\/de\/wp-json\/wp\/v2\/pages\/6361\" data-token=\"690aea5203365c8ca5b7ca18361bf5f9\"><noscript class=\"wpforms-error-noscript\">Bitte aktiviere JavaScript in deinem Browser, um dieses Formular fertigzustellen.<\/noscript><div class=\"wpforms-hidden\" id=\"wpforms-error-noscript\">Bitte aktiviere JavaScript in deinem Browser, um dieses Formular fertigzustellen.<\/div><div class=\"wpforms-field-container\"><div id=\"wpforms-6745-field_2-container\" class=\"wpforms-field wpforms-field-textarea\" data-field-id=\"2\"><textarea id=\"wpforms-6745-field_2\" class=\"wpforms-field-medium\" name=\"wpforms[fields][2]\" placeholder=\"Nachricht\" aria-errormessage=\"wpforms-6745-field_2-error\" ><\/textarea><\/div><div id=\"wpforms-6745-field_0-container\" class=\"wpforms-field wpforms-field-name\" data-field-id=\"0\"><input type=\"text\" id=\"wpforms-6745-field_0\" class=\"wpforms-field-medium wpforms-field-required\" name=\"wpforms[fields][0]\" placeholder=\"Name\" aria-errormessage=\"wpforms-6745-field_0-error\" required><\/div><div id=\"wpforms-6745-field_1-container\" class=\"wpforms-field wpforms-field-email\" data-field-id=\"1\"><input type=\"email\" id=\"wpforms-6745-field_1\" class=\"wpforms-field-medium wpforms-field-required\" name=\"wpforms[fields][1]\" placeholder=\"E-Mail\" spellcheck=\"false\" aria-errormessage=\"wpforms-6745-field_1-error\" required><\/div><\/div><!-- .wpforms-field-container --><div class=\"wpforms-recaptcha-container wpforms-is-recaptcha\" ><div class=\"g-recaptcha\" data-sitekey=\"6Lecj7ImAAAAACQnV5Xla0i24gFwsM27-Iu0n0qX\"><\/div><input type=\"text\" name=\"g-recaptcha-hidden\" class=\"wpforms-recaptcha-hidden\" style=\"position:absolute!important;clip:rect(0,0,0,0)!important;height:1px!important;width:1px!important;border:0!important;overflow:hidden!important;padding:0!important;margin:0!important;\" data-rule-recaptcha=\"1\"><\/div><div class=\"wpforms-submit-container\" ><input type=\"hidden\" name=\"wpforms[id]\" value=\"6745\"><input type=\"hidden\" name=\"wpforms[author]\" value=\"1\"><button type=\"submit\" name=\"wpforms[submit]\" id=\"wpforms-submit-6745\" class=\"wpforms-submit\" data-alt-text=\"Sending...\" data-submit-text=\"Senden\" aria-live=\"assertive\" value=\"wpforms-submit\">Senden<\/button><img decoding=\"async\" src=\"https:\/\/southerncrosslanguages.com\/wp-content\/plugins\/wpforms-lite\/assets\/images\/submit-spin.svg\" class=\"wpforms-submit-spinner\" style=\"display: none;\" width=\"26\" height=\"26\" alt=\"Wird geladen\"><\/div><\/form><\/div>  <!-- .wpforms-container --><\/div>\n\t\t<\/div>\n\t\t\t\t<\/div>\n\t\t\t\t\t<\/div>\n\t\t<\/div>\n\t\t\t\t\t\t\t<\/div>\n\t\t<\/section>\n\t\t\t\t\t\t\t<\/div>\n\t\t","protected":false},"excerpt":{"rendered":"<p>Buchen Sie Ihre Sprachassistentin in Englisch, Spanisch und Deutsch Haben Sie ein Projekt? Kontaktieren Sie mich! info@southerncrosslanguages.com +49 174 6979 043 B\u00fcrozeiten: Montag bis Freitag, 8.00 bis 17.00 Uhr, Berliner Zeit Meine Basis ist in K\u00fcssaberg, aber ich bin bereit, weltweit f\u00fcr Auftr\u00e4ge zu reisen. Bitte aktiviere JavaScript in deinem Browser, um dieses Formular fertigzustellen.Bitte [&hellip;]<\/p>\n","protected":false},"author":1,"featured_media":0,"parent":0,"menu_order":0,"comment_status":"closed","ping_status":"closed","template":"page-full-width.php","meta":{"footnotes":""},"class_list":["post-6361","page","type-page","status-publish","hentry"],"yoast_head":"<!-- This site is optimized with the Yoast SEO plugin v20.11 - https:\/\/yoast.com\/wordpress\/plugins\/seo\/ -->\n<title>Kontakt - Andrea Behrendt<\/title>\n<meta name=\"robots\" content=\"index, follow, max-snippet:-1, max-image-preview:large, max-video-preview:-1\" \/>\n<link rel=\"canonical\" href=\"https:\/\/southerncrosslanguages.com\/de\/kontakt\/\" \/>\n<meta property=\"og:locale\" content=\"de_DE\" \/>\n<meta property=\"og:type\" content=\"article\" \/>\n<meta property=\"og:title\" content=\"Kontakt - Andrea Behrendt\" \/>\n<meta property=\"og:description\" content=\"Buchen Sie Ihre Sprachassistentin in Englisch, Spanisch und Deutsch Haben Sie ein Projekt? Kontaktieren Sie mich! info@southerncrosslanguages.com +49 174 6979 043 B\u00fcrozeiten: Montag bis Freitag, 8.00 bis 17.00 Uhr, Berliner Zeit Meine Basis ist in K\u00fcssaberg, aber ich bin bereit, weltweit f\u00fcr Auftr\u00e4ge zu reisen. Bitte aktiviere JavaScript in deinem Browser, um dieses Formular fertigzustellen.Bitte [&hellip;]\" \/>\n<meta property=\"og:url\" content=\"https:\/\/southerncrosslanguages.com\/de\/kontakt\/\" \/>\n<meta property=\"og:site_name\" content=\"Andrea Behrendt\" \/>\n<meta property=\"article:modified_time\" content=\"2023-06-20T07:21:30+00:00\" \/>\n<meta property=\"og:image\" content=\"https:\/\/southerncrosslanguages.com\/wp-content\/plugins\/wpforms-lite\/assets\/images\/submit-spin.svg\" \/>\n<meta name=\"twitter:card\" content=\"summary_large_image\" \/>\n<meta name=\"twitter:label1\" content=\"Gesch\u00e4tzte Lesezeit\" \/>\n\t<meta name=\"twitter:data1\" content=\"1\u00a0Minute\" \/>\n<script type=\"application\/ld+json\" class=\"yoast-schema-graph\">{\"@context\":\"https:\/\/schema.org\",\"@graph\":[{\"@type\":\"WebPage\",\"@id\":\"https:\/\/southerncrosslanguages.com\/de\/kontakt\/\",\"url\":\"https:\/\/southerncrosslanguages.com\/de\/kontakt\/\",\"name\":\"Kontakt - Andrea Behrendt\",\"isPartOf\":{\"@id\":\"https:\/\/southerncrosslanguages.com\/de\/#website\"},\"datePublished\":\"2022-02-09T08:12:26+00:00\",\"dateModified\":\"2023-06-20T07:21:30+00:00\",\"breadcrumb\":{\"@id\":\"https:\/\/southerncrosslanguages.com\/de\/kontakt\/#breadcrumb\"},\"inLanguage\":\"de\",\"potentialAction\":[{\"@type\":\"ReadAction\",\"target\":[\"https:\/\/southerncrosslanguages.com\/de\/kontakt\/\"]}]},{\"@type\":\"BreadcrumbList\",\"@id\":\"https:\/\/southerncrosslanguages.com\/de\/kontakt\/#breadcrumb\",\"itemListElement\":[{\"@type\":\"ListItem\",\"position\":1,\"name\":\"Home\",\"item\":\"https:\/\/southerncrosslanguages.com\/de\/\"},{\"@type\":\"ListItem\",\"position\":2,\"name\":\"Kontakt\"}]},{\"@type\":\"WebSite\",\"@id\":\"https:\/\/southerncrosslanguages.com\/de\/#website\",\"url\":\"https:\/\/southerncrosslanguages.com\/de\/\",\"name\":\"Andrea Behrendt\",\"description\":\"Southern Cross Language Services by Andrea Behrendt\",\"potentialAction\":[{\"@type\":\"SearchAction\",\"target\":{\"@type\":\"EntryPoint\",\"urlTemplate\":\"https:\/\/southerncrosslanguages.com\/de\/?s={search_term_string}\"},\"query-input\":\"required name=search_term_string\"}],\"inLanguage\":\"de\"}]}<\/script>\n<!-- \/ Yoast SEO plugin. -->","yoast_head_json":{"title":"Kontakt - Andrea Behrendt","robots":{"index":"index","follow":"follow","max-snippet":"max-snippet:-1","max-image-preview":"max-image-preview:large","max-video-preview":"max-video-preview:-1"},"canonical":"https:\/\/southerncrosslanguages.com\/de\/kontakt\/","og_locale":"de_DE","og_type":"article","og_title":"Kontakt - Andrea Behrendt","og_description":"Buchen Sie Ihre Sprachassistentin in Englisch, Spanisch und Deutsch Haben Sie ein Projekt? Kontaktieren Sie mich! info@southerncrosslanguages.com +49 174 6979 043 B\u00fcrozeiten: Montag bis Freitag, 8.00 bis 17.00 Uhr, Berliner Zeit Meine Basis ist in K\u00fcssaberg, aber ich bin bereit, weltweit f\u00fcr Auftr\u00e4ge zu reisen. Bitte aktiviere JavaScript in deinem Browser, um dieses Formular fertigzustellen.Bitte [&hellip;]","og_url":"https:\/\/southerncrosslanguages.com\/de\/kontakt\/","og_site_name":"Andrea Behrendt","article_modified_time":"2023-06-20T07:21:30+00:00","og_image":[{"url":"https:\/\/southerncrosslanguages.com\/wp-content\/plugins\/wpforms-lite\/assets\/images\/submit-spin.svg"}],"twitter_card":"summary_large_image","twitter_misc":{"Gesch\u00e4tzte Lesezeit":"1\u00a0Minute"},"schema":{"@context":"https:\/\/schema.org","@graph":[{"@type":"WebPage","@id":"https:\/\/southerncrosslanguages.com\/de\/kontakt\/","url":"https:\/\/southerncrosslanguages.com\/de\/kontakt\/","name":"Kontakt - Andrea Behrendt","isPartOf":{"@id":"https:\/\/southerncrosslanguages.com\/de\/#website"},"datePublished":"2022-02-09T08:12:26+00:00","dateModified":"2023-06-20T07:21:30+00:00","breadcrumb":{"@id":"https:\/\/southerncrosslanguages.com\/de\/kontakt\/#breadcrumb"},"inLanguage":"de","potentialAction":[{"@type":"ReadAction","target":["https:\/\/southerncrosslanguages.com\/de\/kontakt\/"]}]},{"@type":"BreadcrumbList","@id":"https:\/\/southerncrosslanguages.com\/de\/kontakt\/#breadcrumb","itemListElement":[{"@type":"ListItem","position":1,"name":"Home","item":"https:\/\/southerncrosslanguages.com\/de\/"},{"@type":"ListItem","position":2,"name":"Kontakt"}]},{"@type":"WebSite","@id":"https:\/\/southerncrosslanguages.com\/de\/#website","url":"https:\/\/southerncrosslanguages.com\/de\/","name":"Andrea Behrendt","description":"Southern Cross Language Services by Andrea Behrendt","potentialAction":[{"@type":"SearchAction","target":{"@type":"EntryPoint","urlTemplate":"https:\/\/southerncrosslanguages.com\/de\/?s={search_term_string}"},"query-input":"required name=search_term_string"}],"inLanguage":"de"}]}},"_links":{"self":[{"href":"https:\/\/southerncrosslanguages.com\/de\/wp-json\/wp\/v2\/pages\/6361","targetHints":{"allow":["GET"]}}],"collection":[{"href":"https:\/\/southerncrosslanguages.com\/de\/wp-json\/wp\/v2\/pages"}],"about":[{"href":"https:\/\/southerncrosslanguages.com\/de\/wp-json\/wp\/v2\/types\/page"}],"author":[{"embeddable":true,"href":"https:\/\/southerncrosslanguages.com\/de\/wp-json\/wp\/v2\/users\/1"}],"replies":[{"embeddable":true,"href":"https:\/\/southerncrosslanguages.com\/de\/wp-json\/wp\/v2\/comments?post=6361"}],"version-history":[{"count":22,"href":"https:\/\/southerncrosslanguages.com\/de\/wp-json\/wp\/v2\/pages\/6361\/revisions"}],"predecessor-version":[{"id":6758,"href":"https:\/\/southerncrosslanguages.com\/de\/wp-json\/wp\/v2\/pages\/6361\/revisions\/6758"}],"wp:attachment":[{"href":"https:\/\/southerncrosslanguages.com\/de\/wp-json\/wp\/v2\/media?parent=6361"}],"curies":[{"name":"wp","href":"https:\/\/api.w.org\/{rel}","templated":true}]}}