{"id":6351,"date":"2022-02-08T12:08:02","date_gmt":"2022-02-08T12:08:02","guid":{"rendered":"http:\/\/southerncrosslanguages.com\/?page_id=6351"},"modified":"2023-06-09T10:05:04","modified_gmt":"2023-06-09T10:05:04","slug":"ueber-southern-cross","status":"publish","type":"page","link":"https:\/\/southerncrosslanguages.com\/de\/ueber-southern-cross\/","title":{"rendered":"\u00dcber Southern Cross"},"content":{"rendered":"\t\t<div data-elementor-type=\"wp-page\" data-elementor-id=\"6351\" class=\"elementor elementor-6351 elementor-2533\">\n\t\t\t\t\t\t\t\t\t<section class=\"elementor-section elementor-top-section elementor-element elementor-element-4ae7948 elementor-section-content-middle elementor-section-boxed elementor-section-height-default elementor-section-height-default qodef-elementor-content-no\" data-id=\"4ae7948\" data-element_type=\"section\">\n\t\t\t\t\t\t<div class=\"elementor-container elementor-column-gap-wider\">\n\t\t\t\t\t<div class=\"elementor-column elementor-col-50 elementor-top-column elementor-element elementor-element-58ae367\" data-id=\"58ae367\" data-element_type=\"column\">\n\t\t\t<div class=\"elementor-widget-wrap elementor-element-populated\">\n\t\t\t\t\t\t\t\t<div class=\"elementor-element elementor-element-38739fc elementor-widget elementor-widget-carmona_core_team_list\" data-id=\"38739fc\" data-element_type=\"widget\" data-widget_type=\"carmona_core_team_list.default\">\n\t\t\t\t<div class=\"elementor-widget-container\">\n\t\t\t<div class=\"qodef-shortcode qodef-m  qodef-team-list qodef-item-layout--info-on-hover qodef-grid qodef-layout--columns  qodef-gutter--small qodef-col-num--1 qodef-item-layout--info-on-hover     qodef--no-bottom-space qodef-pagination--off qodef-responsive--custom qodef-col-num--1440--1 qodef-col-num--1366--1 qodef-col-num--1024--1 qodef-col-num--768--1 qodef-col-num--680--1 qodef-col-num--480--1\" data-options=\"{&quot;plugin&quot;:&quot;carmona_core&quot;,&quot;module&quot;:&quot;post-types\\\/team\\\/shortcodes&quot;,&quot;shortcode&quot;:&quot;team-list&quot;,&quot;post_type&quot;:&quot;team&quot;,&quot;next_page&quot;:&quot;2&quot;,&quot;max_pages_num&quot;:1,&quot;behavior&quot;:&quot;columns&quot;,&quot;images_proportion&quot;:&quot;full&quot;,&quot;columns&quot;:&quot;1&quot;,&quot;columns_responsive&quot;:&quot;custom&quot;,&quot;columns_1440&quot;:&quot;1&quot;,&quot;columns_1366&quot;:&quot;1&quot;,&quot;columns_1024&quot;:&quot;1&quot;,&quot;columns_768&quot;:&quot;1&quot;,&quot;columns_680&quot;:&quot;1&quot;,&quot;columns_480&quot;:&quot;1&quot;,&quot;space&quot;:&quot;small&quot;,&quot;posts_per_page&quot;:&quot;3&quot;,&quot;orderby&quot;:&quot;date&quot;,&quot;order&quot;:&quot;ASC&quot;,&quot;layout&quot;:&quot;info-on-hover&quot;,&quot;title_tag&quot;:&quot;h4&quot;,&quot;pagination_type&quot;:&quot;no-pagination&quot;,&quot;object_class_name&quot;:&quot;CarmonaCore_Team_List_Shortcode&quot;,&quot;taxonomy_filter&quot;:&quot;team-category&quot;,&quot;item_classes&quot;:&quot;qodef-e qodef-grid-item &quot;,&quot;space_value&quot;:10}\">\n\t\t<div class=\"qodef-grid-inner clear\">\n\t\t<div class=\"qodef-e qodef-grid-item  post-6437 team type-team status-publish has-post-thumbnail hentry\">\n\t<div class=\"qodef-e-inner\">\n\t\t<div class=\"qodef-e-image\">\n\t\t\t\t<div class=\"qodef-e-media-image\">\n\t\t\t\t\t<img decoding=\"async\" width=\"1400\" height=\"1050\" src=\"https:\/\/southerncrosslanguages.com\/wp-content\/uploads\/2023\/06\/ab-scls-4.webp\" class=\"attachment-full size-full wp-post-image\" alt=\"\" srcset=\"https:\/\/southerncrosslanguages.com\/wp-content\/uploads\/2023\/06\/ab-scls-4.webp 1400w, https:\/\/southerncrosslanguages.com\/wp-content\/uploads\/2023\/06\/ab-scls-4-300x225.webp 300w, https:\/\/southerncrosslanguages.com\/wp-content\/uploads\/2023\/06\/ab-scls-4-1024x768.webp 1024w, https:\/\/southerncrosslanguages.com\/wp-content\/uploads\/2023\/06\/ab-scls-4-768x576.webp 768w\" sizes=\"(max-width: 1400px) 100vw, 1400px\" \/>\t\t\t<\/div>\n\t\t<\/div>\n\t\t<div class=\"qodef-e-content\">\n\t\t\t<h4 itemprop=\"name\" class=\"qodef-e-title entry-title\" >\n\t\t\tAndrea Behrendt\t<\/h4>\n\t\t\t\t<p class=\"qodef-e-role\">\u00dcbersetzerin und Dolmetscherin f\u00fcr Deutsch, Spanisch und Englisch<\/p>\n\t\t\t\t<div class=\"qodef-team-member-social-icons\">\n\t\t\t\t\t\t\t<a class=\"qodef-team-member-social-icon\" href=\"https:\/\/www.linkedin.com\/in\/andrea-behrendt-78382614b\/\" target=\"_blank\">\n\t\t\t\t\t\t<span class=\"qodef-icon-font-awesome fab fa-linkedin-in\" ><\/span>\t\t\t\t\t<\/a>\n\t\t\t\t\t\t\t\t\t\t\t\t\t\t<a class=\"qodef-team-member-social-icon\" href=\"https:\/\/www.instagram.com\/southerncrosslanguageservices\/\" target=\"_blank\">\n\t\t\t\t\t\t<span class=\"qodef-icon-font-awesome fab fa-instagram\" ><\/span>\t\t\t\t\t<\/a>\n\t\t\t\t\t\t\t\t\t\t<\/div>\n\t\t<\/div>\n\t<\/div>\n<\/div>\n\t<\/div>\n\t<\/div>\n\t\t<\/div>\n\t\t\t\t<\/div>\n\t\t\t\t\t<\/div>\n\t\t<\/div>\n\t\t\t\t<div class=\"elementor-column elementor-col-50 elementor-top-column elementor-element elementor-element-2292483\" data-id=\"2292483\" data-element_type=\"column\">\n\t\t\t<div class=\"elementor-widget-wrap elementor-element-populated\">\n\t\t\t\t\t\t\t\t<div class=\"elementor-element elementor-element-c4a719e elementor-widget elementor-widget-carmona_core_section_title\" data-id=\"c4a719e\" data-element_type=\"widget\" data-widget_type=\"carmona_core_section_title.default\">\n\t\t\t\t<div class=\"elementor-widget-container\">\n\t\t\t<div class=\"qodef-shortcode qodef-m  qodef-section-title qodef-alignment--left \">\n\t\t<h2 class=\"qodef-m-title\" >\n\t\t\t\t\tHallo! Ich bin Andrea. \t\t\n\t\t<span class=\"qodef-m-separator\">\n\t\t\t<svg class=\"qodef-svg--wave\" xmlns=\"http:\/\/www.w3.org\/2000\/svg\" width=\"47.439\" height=\"7.7167\" viewBox=\"0 0 47.439 7.7167\"><path stroke=\"currentColor\" stroke-width=\"2\" d=\"M.6974,7s6.1663-6,8.378-6c2.3069,0,5.558,5.036,7.34,5.036,1.554,0,5.44-5.036,7.3406-5.036,1.6041,0,6.02,5.036,7.34,5.036C32.4994,6.036,36.5094,1,38.4344,1c1.9585,0,6.8517,4.44,8.263,6\"\/><\/svg>\t\t<\/span>\n\t<\/h2>\n\t<\/div>\n\t\t<\/div>\n\t\t\t\t<\/div>\n\t\t\t\t<div class=\"elementor-element elementor-element-7a1b902 elementor-widget elementor-widget-text-editor\" data-id=\"7a1b902\" data-element_type=\"widget\" data-widget_type=\"text-editor.default\">\n\t\t\t\t<div class=\"elementor-widget-container\">\n\t\t\t<style>\/*! elementor - v3.14.0 - 26-06-2023 *\/\n.elementor-widget-text-editor.elementor-drop-cap-view-stacked .elementor-drop-cap{background-color:#69727d;color:#fff}.elementor-widget-text-editor.elementor-drop-cap-view-framed .elementor-drop-cap{color:#69727d;border:3px solid;background-color:transparent}.elementor-widget-text-editor:not(.elementor-drop-cap-view-default) .elementor-drop-cap{margin-top:8px}.elementor-widget-text-editor:not(.elementor-drop-cap-view-default) .elementor-drop-cap-letter{width:1em;height:1em}.elementor-widget-text-editor .elementor-drop-cap{float:left;text-align:center;line-height:1;font-size:50px}.elementor-widget-text-editor .elementor-drop-cap-letter{display:inline-block}<\/style>\t\t\t\t<p>Deutsch und Spanisch sind meine Muttersprachen, Englisch beherrsche ich perfekt in Wort und Schrift. Ich unterrichte diese drei Sprachen, der Schwerpunkt meiner Kurse liegt in der Konversation und der Pr\u00fcfungsvorbereitung.<\/p><p>Ich bin in einer mehrsprachigen und multikulturellen Umgebung aufgewachsen und bewege mich selbstbewusst in verschiedenen Sprachen, L\u00e4ndern und Kulturkreisen. Und dieses Selbstbewusstsein \u00fcbertrage ich auch meinen Kunden.<\/p>\t\t\t\t\t\t<\/div>\n\t\t\t\t<\/div>\n\t\t\t\t\t<\/div>\n\t\t<\/div>\n\t\t\t\t\t\t\t<\/div>\n\t\t<\/section>\n\t\t\t\t<section class=\"elementor-section elementor-top-section elementor-element elementor-element-e2261c6 elementor-section-full_width elementor-section-height-default elementor-section-height-default qodef-elementor-content-no\" data-id=\"e2261c6\" data-element_type=\"section\">\n\t\t\t\t\t\t<div class=\"elementor-container elementor-column-gap-default\">\n\t\t\t\t\t<div class=\"elementor-column elementor-col-50 elementor-top-column elementor-element elementor-element-d2c7e20\" data-id=\"d2c7e20\" data-element_type=\"column\" data-settings=\"{&quot;background_background&quot;:&quot;classic&quot;}\">\n\t\t\t<div class=\"elementor-widget-wrap elementor-element-populated\">\n\t\t\t\t\t\t\t\t<div class=\"elementor-element elementor-element-b74595c elementor-widget elementor-widget-carmona_core_section_title\" data-id=\"b74595c\" data-element_type=\"widget\" data-widget_type=\"carmona_core_section_title.default\">\n\t\t\t\t<div class=\"elementor-widget-container\">\n\t\t\t<div class=\"qodef-shortcode qodef-m  qodef-section-title qodef-alignment--left \">\n\t\t<h2 class=\"qodef-m-title\" >\n\t\t\t\t\tMein Background:\t\t\n\t\t<span class=\"qodef-m-separator\">\n\t\t\t<svg class=\"qodef-svg--wave\" xmlns=\"http:\/\/www.w3.org\/2000\/svg\" width=\"47.439\" height=\"7.7167\" viewBox=\"0 0 47.439 7.7167\"><path stroke=\"currentColor\" stroke-width=\"2\" d=\"M.6974,7s6.1663-6,8.378-6c2.3069,0,5.558,5.036,7.34,5.036,1.554,0,5.44-5.036,7.3406-5.036,1.6041,0,6.02,5.036,7.34,5.036C32.4994,6.036,36.5094,1,38.4344,1c1.9585,0,6.8517,4.44,8.263,6\"\/><\/svg>\t\t<\/span>\n\t<\/h2>\n\t<\/div>\n\t\t<\/div>\n\t\t\t\t<\/div>\n\t\t\t\t<div class=\"elementor-element elementor-element-b300e93 elementor-widget elementor-widget-text-editor\" data-id=\"b300e93\" data-element_type=\"widget\" data-widget_type=\"text-editor.default\">\n\t\t\t\t<div class=\"elementor-widget-container\">\n\t\t\t\t\t\t\t<p>Ich bin in Argentinien geboren und zweisprachig aufgewachsen, mit Deutsch und Spanisch als Muttersprachen. Meine Familie v\u00e4terlicherseits ist deutsch, m\u00fctterlicherseits argentinisch mit italienischen Wurzeln. Ich habe eine deutsche Schule in Buenos Aires besucht, in der die H\u00e4lfte der F\u00e4cher auf Deutsch und die andere auf Spanisch unterrichtet wurde. Englisch kam als dritte Sprache im Alter von neun Jahren hinzu.<\/p><p>Von Anfang an habe ich die Sprachen geliebt, wollte immer mehr lernen, besser sprechen, alles verstehen was die Anderen sagten. Diese nat\u00fcrliche Neugier begleitet mich bis heute noch. Und auch der Wille zu helfen, dass alle besser kommunizieren und sich besser verst\u00e4ndigen k\u00f6nnen, egal in welcher Sprache.<\/p>\t\t\t\t\t\t<\/div>\n\t\t\t\t<\/div>\n\t\t\t\t\t<\/div>\n\t\t<\/div>\n\t\t\t\t<div class=\"elementor-column elementor-col-50 elementor-top-column elementor-element elementor-element-f482527\" data-id=\"f482527\" data-element_type=\"column\" data-settings=\"{&quot;background_background&quot;:&quot;classic&quot;}\">\n\t\t\t<div class=\"elementor-widget-wrap elementor-element-populated\">\n\t\t\t\t\t\t\t\t<div class=\"elementor-element elementor-element-9dfe5cf elementor-widget elementor-widget-spacer\" data-id=\"9dfe5cf\" data-element_type=\"widget\" data-widget_type=\"spacer.default\">\n\t\t\t\t<div class=\"elementor-widget-container\">\n\t\t\t<style>\/*! elementor - v3.14.0 - 26-06-2023 *\/\n.elementor-column .elementor-spacer-inner{height:var(--spacer-size)}.e-con{--container-widget-width:100%}.e-con-inner>.elementor-widget-spacer,.e-con>.elementor-widget-spacer{width:var(--container-widget-width,var(--spacer-size));--align-self:var(--container-widget-align-self,initial);--flex-shrink:0}.e-con-inner>.elementor-widget-spacer>.elementor-widget-container,.e-con-inner>.elementor-widget-spacer>.elementor-widget-container>.elementor-spacer,.e-con>.elementor-widget-spacer>.elementor-widget-container,.e-con>.elementor-widget-spacer>.elementor-widget-container>.elementor-spacer{height:100%}.e-con-inner>.elementor-widget-spacer>.elementor-widget-container>.elementor-spacer>.elementor-spacer-inner,.e-con>.elementor-widget-spacer>.elementor-widget-container>.elementor-spacer>.elementor-spacer-inner{height:var(--container-widget-height,var(--spacer-size))}<\/style>\t\t<div class=\"elementor-spacer\">\n\t\t\t<div class=\"elementor-spacer-inner\"><\/div>\n\t\t<\/div>\n\t\t\t\t<\/div>\n\t\t\t\t<\/div>\n\t\t\t\t\t<\/div>\n\t\t<\/div>\n\t\t\t\t\t\t\t<\/div>\n\t\t<\/section>\n\t\t\t\t<section class=\"elementor-section elementor-top-section elementor-element elementor-element-514032e elementor-section-full_width elementor-reverse-tablet elementor-reverse-mobile elementor-section-height-default elementor-section-height-default qodef-elementor-content-no\" data-id=\"514032e\" data-element_type=\"section\">\n\t\t\t\t\t\t<div class=\"elementor-container elementor-column-gap-default\">\n\t\t\t\t\t<div class=\"elementor-column elementor-col-50 elementor-top-column elementor-element elementor-element-25b23b2\" data-id=\"25b23b2\" data-element_type=\"column\" data-settings=\"{&quot;background_background&quot;:&quot;classic&quot;}\">\n\t\t\t<div class=\"elementor-widget-wrap elementor-element-populated\">\n\t\t\t\t\t\t\t\t<div class=\"elementor-element elementor-element-478450f elementor-widget elementor-widget-spacer\" data-id=\"478450f\" data-element_type=\"widget\" data-widget_type=\"spacer.default\">\n\t\t\t\t<div class=\"elementor-widget-container\">\n\t\t\t\t\t<div class=\"elementor-spacer\">\n\t\t\t<div class=\"elementor-spacer-inner\"><\/div>\n\t\t<\/div>\n\t\t\t\t<\/div>\n\t\t\t\t<\/div>\n\t\t\t\t\t<\/div>\n\t\t<\/div>\n\t\t\t\t<div class=\"elementor-column elementor-col-50 elementor-top-column elementor-element elementor-element-af2252d\" data-id=\"af2252d\" data-element_type=\"column\" data-settings=\"{&quot;background_background&quot;:&quot;classic&quot;}\">\n\t\t\t<div class=\"elementor-widget-wrap elementor-element-populated\">\n\t\t\t\t\t\t\t\t<div class=\"elementor-element elementor-element-cf34855 elementor-widget elementor-widget-text-editor\" data-id=\"cf34855\" data-element_type=\"widget\" data-widget_type=\"text-editor.default\">\n\t\t\t\t<div class=\"elementor-widget-container\">\n\t\t\t\t\t\t\t<p>Es war eine klare Entscheidung, dass ich nach der Schule \u201eirgendwas mit Sprachen\u201c studieren wollte. Nach einer zweij\u00e4hrigen Ausbildung zur Industriekauffrau nach dem deutschen dualen System, entschied ich mich f\u00fcr das Studium zur Staatlich Anerkannten \u00dcbersetzerin und Dolmetscherin (Spanisch-Deutsch\/Deutsch-Spanisch) an der Universit\u00e4t Buenos Aires, an der ich 1996 meinen Abschluss machte.<\/p><p>W\u00e4hrend der Schulzeit und des Studiums habe ich meine drei Sprachen an Kinder und Erwachsene unterrichtet, nach dem Studium kamen auch noch Auftr\u00e4ge als \u00dcbersetzerin und Dolmetscherin hinzu.<\/p>\t\t\t\t\t\t<\/div>\n\t\t\t\t<\/div>\n\t\t\t\t\t<\/div>\n\t\t<\/div>\n\t\t\t\t\t\t\t<\/div>\n\t\t<\/section>\n\t\t\t\t<section class=\"elementor-section elementor-top-section elementor-element elementor-element-cda1956 elementor-section-full_width elementor-section-height-default elementor-section-height-default qodef-elementor-content-no\" data-id=\"cda1956\" data-element_type=\"section\">\n\t\t\t\t\t\t<div class=\"elementor-container elementor-column-gap-default\">\n\t\t\t\t\t<div class=\"elementor-column elementor-col-50 elementor-top-column elementor-element elementor-element-fb1a21c\" data-id=\"fb1a21c\" data-element_type=\"column\" data-settings=\"{&quot;background_background&quot;:&quot;classic&quot;}\">\n\t\t\t<div class=\"elementor-widget-wrap elementor-element-populated\">\n\t\t\t\t\t\t\t\t<div class=\"elementor-element elementor-element-5e53b9d elementor-widget elementor-widget-text-editor\" data-id=\"5e53b9d\" data-element_type=\"widget\" data-widget_type=\"text-editor.default\">\n\t\t\t\t<div class=\"elementor-widget-container\">\n\t\t\t\t\t\t\t<p>Zwischen 1998 und 2000 habe ich als Sekret\u00e4rin der Gesch\u00e4ftsleitung bei der Maritim Hotelgesellschaft mbH in Bad Salzuflen gearbeitet, dort konnte ich auch als Dolmetscherin in Meetings fungieren und habe auch zahlreiche anspruchsvolle juristische und nicht juristische Texte \u00fcbersetzt. <\/p><p>Zur\u00fcck in Argentinien habe ich weiter Sprachen unterrichtet und \u00fcbersetzt, haupts\u00e4chlich im juristischen Bereich.<\/p><p>Im Jahr 2003 bin ich in den kleinen Ort K\u00fcssaberg umgezogen, wo ich seitdem mit meiner Familie lebe. <\/p><p>2023 ist es an der Zeit, meine Erfahrung und Kenntnisse wieder als \u00dcbersetzerin und Dolmetscherin einzusetzen.<\/p>\t\t\t\t\t\t<\/div>\n\t\t\t\t<\/div>\n\t\t\t\t\t<\/div>\n\t\t<\/div>\n\t\t\t\t<div class=\"elementor-column elementor-col-50 elementor-top-column elementor-element elementor-element-c43d903\" data-id=\"c43d903\" data-element_type=\"column\" data-settings=\"{&quot;background_background&quot;:&quot;classic&quot;}\">\n\t\t\t<div class=\"elementor-widget-wrap elementor-element-populated\">\n\t\t\t\t\t\t\t\t<div class=\"elementor-element elementor-element-560bb2b elementor-widget elementor-widget-spacer\" data-id=\"560bb2b\" data-element_type=\"widget\" data-widget_type=\"spacer.default\">\n\t\t\t\t<div class=\"elementor-widget-container\">\n\t\t\t\t\t<div class=\"elementor-spacer\">\n\t\t\t<div class=\"elementor-spacer-inner\"><\/div>\n\t\t<\/div>\n\t\t\t\t<\/div>\n\t\t\t\t<\/div>\n\t\t\t\t\t<\/div>\n\t\t<\/div>\n\t\t\t\t\t\t\t<\/div>\n\t\t<\/section>\n\t\t\t\t<section class=\"elementor-section elementor-top-section elementor-element elementor-element-764224f elementor-section-full_width elementor-section-height-default elementor-section-height-default qodef-elementor-content-no\" data-id=\"764224f\" data-element_type=\"section\" data-settings=\"{&quot;background_background&quot;:&quot;classic&quot;}\">\n\t\t\t\t\t\t<div class=\"elementor-container elementor-column-gap-default\">\n\t\t\t\t\t<div class=\"elementor-column elementor-col-100 elementor-top-column elementor-element elementor-element-f4d2989\" data-id=\"f4d2989\" data-element_type=\"column\">\n\t\t\t<div class=\"elementor-widget-wrap elementor-element-populated\">\n\t\t\t\t\t\t\t\t<section class=\"elementor-section elementor-inner-section elementor-element elementor-element-a5b33fe center elementor-section-boxed elementor-section-height-default elementor-section-height-default qodef-elementor-content-no\" data-id=\"a5b33fe\" data-element_type=\"section\">\n\t\t\t\t\t\t<div class=\"elementor-container elementor-column-gap-default\">\n\t\t\t\t\t<div class=\"elementor-column elementor-col-100 elementor-inner-column elementor-element elementor-element-c157e7b\" data-id=\"c157e7b\" data-element_type=\"column\">\n\t\t\t<div class=\"elementor-widget-wrap elementor-element-populated\">\n\t\t\t\t\t\t\t\t<div class=\"elementor-element elementor-element-2c6db92 elementor-widget elementor-widget-carmona_core_button\" data-id=\"2c6db92\" data-element_type=\"widget\" data-widget_type=\"carmona_core_button.default\">\n\t\t\t\t<div class=\"elementor-widget-container\">\n\t\t\t<a class=\"qodef-shortcode qodef-m  qodef-button qodef-layout--filled  qodef-html--link\" href=\"https:\/\/southerncrosslanguages.com\/de\/kontakt\/\" target=\"_self\" data-hover-background-color=\"#3FAFF0\" style=\"color: #0D160B;background-color: #FFFFFF\">\n\t<span class=\"qodef-m-text\">Arbeiten Sie mit mir<\/span>\n<\/a>\n\t\t<\/div>\n\t\t\t\t<\/div>\n\t\t\t\t<div class=\"elementor-element elementor-element-7a82cd9 elementor-widget elementor-widget-carmona_core_button\" data-id=\"7a82cd9\" data-element_type=\"widget\" data-widget_type=\"carmona_core_button.default\">\n\t\t\t\t<div class=\"elementor-widget-container\">\n\t\t\t<a class=\"qodef-shortcode qodef-m  qodef-button qodef-layout--filled  qodef-html--link\" href=\"https:\/\/southerncrosslanguages.com\/de\/dienstleistungen-und-spezialisierungen\/\" target=\"_self\" data-hover-background-color=\"#3FAFF0\" style=\"color: #0D160B;background-color: #FFFFFF\">\n\t<span class=\"qodef-m-text\">Erkunden Sie meine Dienstleistungen<\/span>\n<\/a>\n\t\t<\/div>\n\t\t\t\t<\/div>\n\t\t\t\t\t<\/div>\n\t\t<\/div>\n\t\t\t\t\t\t\t<\/div>\n\t\t<\/section>\n\t\t\t\t\t<\/div>\n\t\t<\/div>\n\t\t\t\t\t\t\t<\/div>\n\t\t<\/section>\n\t\t\t\t\t\t\t<\/div>\n\t\t","protected":false},"excerpt":{"rendered":"<p>Andrea Behrendt \u00dcbersetzerin und Dolmetscherin f\u00fcr Deutsch, Spanisch und Englisch Hallo! Ich bin Andrea. Deutsch und Spanisch sind meine Muttersprachen, Englisch beherrsche ich perfekt in Wort und Schrift. Ich unterrichte diese drei Sprachen, der Schwerpunkt meiner Kurse liegt in der Konversation und der Pr\u00fcfungsvorbereitung. Ich bin in einer mehrsprachigen und multikulturellen Umgebung aufgewachsen und bewege [&hellip;]<\/p>\n","protected":false},"author":1,"featured_media":0,"parent":0,"menu_order":0,"comment_status":"closed","ping_status":"closed","template":"page-full-width.php","meta":{"footnotes":""},"class_list":["post-6351","page","type-page","status-publish","hentry"],"yoast_head":"<!-- This site is optimized with the Yoast SEO plugin v20.11 - https:\/\/yoast.com\/wordpress\/plugins\/seo\/ -->\n<title>\u00dcber Southern Cross - Andrea Behrendt<\/title>\n<meta name=\"robots\" content=\"index, follow, max-snippet:-1, max-image-preview:large, max-video-preview:-1\" \/>\n<link rel=\"canonical\" href=\"https:\/\/southerncrosslanguages.com\/de\/ueber-southern-cross\/\" \/>\n<meta property=\"og:locale\" content=\"de_DE\" \/>\n<meta property=\"og:type\" content=\"article\" \/>\n<meta property=\"og:title\" content=\"\u00dcber Southern Cross - Andrea Behrendt\" \/>\n<meta property=\"og:description\" content=\"Andrea Behrendt \u00dcbersetzerin und Dolmetscherin f\u00fcr Deutsch, Spanisch und Englisch Hallo! Ich bin Andrea. Deutsch und Spanisch sind meine Muttersprachen, Englisch beherrsche ich perfekt in Wort und Schrift. Ich unterrichte diese drei Sprachen, der Schwerpunkt meiner Kurse liegt in der Konversation und der Pr\u00fcfungsvorbereitung. Ich bin in einer mehrsprachigen und multikulturellen Umgebung aufgewachsen und bewege [&hellip;]\" \/>\n<meta property=\"og:url\" content=\"https:\/\/southerncrosslanguages.com\/de\/ueber-southern-cross\/\" \/>\n<meta property=\"og:site_name\" content=\"Andrea Behrendt\" \/>\n<meta property=\"article:modified_time\" content=\"2023-06-09T10:05:04+00:00\" \/>\n<meta property=\"og:image\" content=\"https:\/\/southerncrosslanguages.com\/wp-content\/uploads\/2023\/06\/ab-scls-4.webp\" \/>\n<meta name=\"twitter:card\" content=\"summary_large_image\" \/>\n<meta name=\"twitter:label1\" content=\"Gesch\u00e4tzte Lesezeit\" \/>\n\t<meta name=\"twitter:data1\" content=\"2\u00a0Minuten\" \/>\n<script type=\"application\/ld+json\" class=\"yoast-schema-graph\">{\"@context\":\"https:\/\/schema.org\",\"@graph\":[{\"@type\":\"WebPage\",\"@id\":\"https:\/\/southerncrosslanguages.com\/de\/ueber-southern-cross\/\",\"url\":\"https:\/\/southerncrosslanguages.com\/de\/ueber-southern-cross\/\",\"name\":\"\u00dcber Southern Cross - Andrea Behrendt\",\"isPartOf\":{\"@id\":\"https:\/\/southerncrosslanguages.com\/de\/#website\"},\"datePublished\":\"2022-02-08T12:08:02+00:00\",\"dateModified\":\"2023-06-09T10:05:04+00:00\",\"breadcrumb\":{\"@id\":\"https:\/\/southerncrosslanguages.com\/de\/ueber-southern-cross\/#breadcrumb\"},\"inLanguage\":\"de\",\"potentialAction\":[{\"@type\":\"ReadAction\",\"target\":[\"https:\/\/southerncrosslanguages.com\/de\/ueber-southern-cross\/\"]}]},{\"@type\":\"BreadcrumbList\",\"@id\":\"https:\/\/southerncrosslanguages.com\/de\/ueber-southern-cross\/#breadcrumb\",\"itemListElement\":[{\"@type\":\"ListItem\",\"position\":1,\"name\":\"Home\",\"item\":\"https:\/\/southerncrosslanguages.com\/de\/\"},{\"@type\":\"ListItem\",\"position\":2,\"name\":\"\u00dcber Southern Cross\"}]},{\"@type\":\"WebSite\",\"@id\":\"https:\/\/southerncrosslanguages.com\/de\/#website\",\"url\":\"https:\/\/southerncrosslanguages.com\/de\/\",\"name\":\"Andrea Behrendt\",\"description\":\"Southern Cross Language Services by Andrea Behrendt\",\"potentialAction\":[{\"@type\":\"SearchAction\",\"target\":{\"@type\":\"EntryPoint\",\"urlTemplate\":\"https:\/\/southerncrosslanguages.com\/de\/?s={search_term_string}\"},\"query-input\":\"required name=search_term_string\"}],\"inLanguage\":\"de\"}]}<\/script>\n<!-- \/ Yoast SEO plugin. -->","yoast_head_json":{"title":"\u00dcber Southern Cross - Andrea Behrendt","robots":{"index":"index","follow":"follow","max-snippet":"max-snippet:-1","max-image-preview":"max-image-preview:large","max-video-preview":"max-video-preview:-1"},"canonical":"https:\/\/southerncrosslanguages.com\/de\/ueber-southern-cross\/","og_locale":"de_DE","og_type":"article","og_title":"\u00dcber Southern Cross - Andrea Behrendt","og_description":"Andrea Behrendt \u00dcbersetzerin und Dolmetscherin f\u00fcr Deutsch, Spanisch und Englisch Hallo! Ich bin Andrea. Deutsch und Spanisch sind meine Muttersprachen, Englisch beherrsche ich perfekt in Wort und Schrift. Ich unterrichte diese drei Sprachen, der Schwerpunkt meiner Kurse liegt in der Konversation und der Pr\u00fcfungsvorbereitung. Ich bin in einer mehrsprachigen und multikulturellen Umgebung aufgewachsen und bewege [&hellip;]","og_url":"https:\/\/southerncrosslanguages.com\/de\/ueber-southern-cross\/","og_site_name":"Andrea Behrendt","article_modified_time":"2023-06-09T10:05:04+00:00","og_image":[{"url":"https:\/\/southerncrosslanguages.com\/wp-content\/uploads\/2023\/06\/ab-scls-4.webp"}],"twitter_card":"summary_large_image","twitter_misc":{"Gesch\u00e4tzte Lesezeit":"2\u00a0Minuten"},"schema":{"@context":"https:\/\/schema.org","@graph":[{"@type":"WebPage","@id":"https:\/\/southerncrosslanguages.com\/de\/ueber-southern-cross\/","url":"https:\/\/southerncrosslanguages.com\/de\/ueber-southern-cross\/","name":"\u00dcber Southern Cross - Andrea Behrendt","isPartOf":{"@id":"https:\/\/southerncrosslanguages.com\/de\/#website"},"datePublished":"2022-02-08T12:08:02+00:00","dateModified":"2023-06-09T10:05:04+00:00","breadcrumb":{"@id":"https:\/\/southerncrosslanguages.com\/de\/ueber-southern-cross\/#breadcrumb"},"inLanguage":"de","potentialAction":[{"@type":"ReadAction","target":["https:\/\/southerncrosslanguages.com\/de\/ueber-southern-cross\/"]}]},{"@type":"BreadcrumbList","@id":"https:\/\/southerncrosslanguages.com\/de\/ueber-southern-cross\/#breadcrumb","itemListElement":[{"@type":"ListItem","position":1,"name":"Home","item":"https:\/\/southerncrosslanguages.com\/de\/"},{"@type":"ListItem","position":2,"name":"\u00dcber Southern Cross"}]},{"@type":"WebSite","@id":"https:\/\/southerncrosslanguages.com\/de\/#website","url":"https:\/\/southerncrosslanguages.com\/de\/","name":"Andrea Behrendt","description":"Southern Cross Language Services by Andrea Behrendt","potentialAction":[{"@type":"SearchAction","target":{"@type":"EntryPoint","urlTemplate":"https:\/\/southerncrosslanguages.com\/de\/?s={search_term_string}"},"query-input":"required name=search_term_string"}],"inLanguage":"de"}]}},"_links":{"self":[{"href":"https:\/\/southerncrosslanguages.com\/de\/wp-json\/wp\/v2\/pages\/6351","targetHints":{"allow":["GET"]}}],"collection":[{"href":"https:\/\/southerncrosslanguages.com\/de\/wp-json\/wp\/v2\/pages"}],"about":[{"href":"https:\/\/southerncrosslanguages.com\/de\/wp-json\/wp\/v2\/types\/page"}],"author":[{"embeddable":true,"href":"https:\/\/southerncrosslanguages.com\/de\/wp-json\/wp\/v2\/users\/1"}],"replies":[{"embeddable":true,"href":"https:\/\/southerncrosslanguages.com\/de\/wp-json\/wp\/v2\/comments?post=6351"}],"version-history":[{"count":14,"href":"https:\/\/southerncrosslanguages.com\/de\/wp-json\/wp\/v2\/pages\/6351\/revisions"}],"predecessor-version":[{"id":6708,"href":"https:\/\/southerncrosslanguages.com\/de\/wp-json\/wp\/v2\/pages\/6351\/revisions\/6708"}],"wp:attachment":[{"href":"https:\/\/southerncrosslanguages.com\/de\/wp-json\/wp\/v2\/media?parent=6351"}],"curies":[{"name":"wp","href":"https:\/\/api.w.org\/{rel}","templated":true}]}}